{"id":29350,"date":"2023-05-24T12:47:42","date_gmt":"2023-05-24T10:47:42","guid":{"rendered":"https:\/\/jolibazaar.com\/?post_type=product&#038;p=29350"},"modified":"2025-01-25T15:54:33","modified_gmt":"2025-01-25T14:54:33","slug":"nappes-mange-debout","status":"publish","type":"product","link":"https:\/\/jolibazaar.com\/en\/index.php\/produit\/nappes-mange-debout\/","title":{"rendered":"Nappes mange debout"},"content":{"rendered":"","protected":false},"excerpt":{"rendered":"<p>&nbsp;<\/p>\n<p>&nbsp;<\/p>\n<p>&nbsp;<\/p>\n<p><i>Location tables, location mange debout, location mangedebout, location tables cocktail et chaises pour mariages et r\u00e9ceptions Aix en Provence, <\/i><em>Location meubles Provence, <\/em><i>Location mobilier, vaisselle et mat\u00e9riel \u00e9v\u00e9nementiel Marseille, Pertuis, Luberon, Alpilles, Var, Vaucluse, Bouches du Rhone, sud de la France, Bourgogne France Comt\u00e9<\/i><\/p>\n","protected":false},"featured_media":20181,"template":"","meta":[],"product_brand":[],"product_cat":[1013],"product_tag":[1001,1153,1154,1000,1151,1152,1088],"class_list":{"0":"post-29350","1":"product","2":"type-product","3":"status-publish","4":"has-post-thumbnail","6":"product_cat-tablecloths","7":"product_tag-cocktail-en","8":"product_tag-mobilier-pliant-en","9":"product_tag-mangedebout-en","10":"product_tag-location-deco-en","11":"product_tag-nappes-en","12":"product_tag-poseur-tables-en","13":"product_tag-soiree-en","15":"first","16":"instock","17":"shipping-taxable","18":"product-type-simple"},"_links":{"self":[{"href":"https:\/\/jolibazaar.com\/en\/index.php\/wp-json\/wp\/v2\/product\/29350","targetHints":{"allow":["GET"]}}],"collection":[{"href":"https:\/\/jolibazaar.com\/en\/index.php\/wp-json\/wp\/v2\/product"}],"about":[{"href":"https:\/\/jolibazaar.com\/en\/index.php\/wp-json\/wp\/v2\/types\/product"}],"wp:featuredmedia":[{"embeddable":true,"href":"https:\/\/jolibazaar.com\/en\/index.php\/wp-json\/wp\/v2\/media\/20181"}],"wp:attachment":[{"href":"https:\/\/jolibazaar.com\/en\/index.php\/wp-json\/wp\/v2\/media?parent=29350"}],"wp:term":[{"taxonomy":"product_brand","embeddable":true,"href":"https:\/\/jolibazaar.com\/en\/index.php\/wp-json\/wp\/v2\/product_brand?post=29350"},{"taxonomy":"product_cat","embeddable":true,"href":"https:\/\/jolibazaar.com\/en\/index.php\/wp-json\/wp\/v2\/product_cat?post=29350"},{"taxonomy":"product_tag","embeddable":true,"href":"https:\/\/jolibazaar.com\/en\/index.php\/wp-json\/wp\/v2\/product_tag?post=29350"}],"curies":[{"name":"wp","href":"https:\/\/api.w.org\/{rel}","templated":true}]}}