{"id":32227,"date":"2019-04-23T10:48:16","date_gmt":"2019-04-23T08:48:16","guid":{"rendered":"https:\/\/jolibazaar.com\/index.php\/produit\/vases-en-metal-dore-2-tailles-2\/"},"modified":"2019-04-23T10:48:16","modified_gmt":"2019-04-23T08:48:16","slug":"vases-en-metal-dore-2-tailles-2","status":"publish","type":"product","link":"https:\/\/jolibazaar.com\/en\/index.php\/produit\/vases-en-metal-dore-2-tailles-2\/","title":{"rendered":"Vases en m\u00e9tal dor\u00e9 (2 tailles)"},"content":{"rendered":"<p>Vase dor\u00e9 tube cylindre<\/p>\n","protected":false},"excerpt":{"rendered":"<p>coupe doree<\/p>\n","protected":false},"featured_media":19557,"template":"","meta":[],"product_brand":[],"product_cat":[987],"product_tag":[990,1087,1618,1100,1179,1000,993,1622,1511],"class_list":{"0":"post-32227","1":"product","2":"type-product","3":"status-publish","4":"has-post-thumbnail","6":"product_cat-vases-en","7":"product_tag-accessoire-deco-en","8":"product_tag-chic-en","9":"product_tag-cylindre-en","10":"product_tag-diner-en","11":"product_tag-dore-en","12":"product_tag-location-deco-en","13":"product_tag-reception-en","14":"product_tag-tube-en","15":"product_tag-vase-en","17":"first","18":"instock","19":"shipping-taxable","20":"product-type-simple"},"_links":{"self":[{"href":"https:\/\/jolibazaar.com\/en\/index.php\/wp-json\/wp\/v2\/product\/32227","targetHints":{"allow":["GET"]}}],"collection":[{"href":"https:\/\/jolibazaar.com\/en\/index.php\/wp-json\/wp\/v2\/product"}],"about":[{"href":"https:\/\/jolibazaar.com\/en\/index.php\/wp-json\/wp\/v2\/types\/product"}],"wp:featuredmedia":[{"embeddable":true,"href":"https:\/\/jolibazaar.com\/en\/index.php\/wp-json\/wp\/v2\/media\/19557"}],"wp:attachment":[{"href":"https:\/\/jolibazaar.com\/en\/index.php\/wp-json\/wp\/v2\/media?parent=32227"}],"wp:term":[{"taxonomy":"product_brand","embeddable":true,"href":"https:\/\/jolibazaar.com\/en\/index.php\/wp-json\/wp\/v2\/product_brand?post=32227"},{"taxonomy":"product_cat","embeddable":true,"href":"https:\/\/jolibazaar.com\/en\/index.php\/wp-json\/wp\/v2\/product_cat?post=32227"},{"taxonomy":"product_tag","embeddable":true,"href":"https:\/\/jolibazaar.com\/en\/index.php\/wp-json\/wp\/v2\/product_tag?post=32227"}],"curies":[{"name":"wp","href":"https:\/\/api.w.org\/{rel}","templated":true}]}}