{"id":147,"date":"2024-03-26T13:30:37","date_gmt":"2024-03-26T12:30:37","guid":{"rendered":"http:\/\/bridge201.qodeinteractive.com\/?page_id=147"},"modified":"2025-01-11T17:17:49","modified_gmt":"2025-01-11T16:17:49","slug":"contact","status":"publish","type":"page","link":"https:\/\/jolibazaar.com\/index.php\/contact\/","title":{"rendered":"Contact"},"content":{"rendered":"<div class=\"wpb-content-wrapper\"><p>[vc_row css_animation=\u00a0\u00bb\u00a0\u00bb row_type=\u00a0\u00bbrow\u00a0\u00bb use_row_as_full_screen_section=\u00a0\u00bbno\u00a0\u00bb type=\u00a0\u00bbgrid\u00a0\u00bb angled_section=\u00a0\u00bbno\u00a0\u00bb text_align=\u00a0\u00bbleft\u00a0\u00bb background_image_as_pattern=\u00a0\u00bbwithout_pattern\u00a0\u00bb z_index=\u00a0\u00bb\u00a0\u00bb css=\u00a0\u00bb.vc_custom_1552908321060{margin-top: 70px !important;padding-bottom: 135px !important;}\u00a0\u00bb][vc_column][vc_empty_space height=\u00a0\u00bb45px\u00a0\u00bb][vc_column_text]<\/p>\n<h2 style=\"text-align: center;\">Contactez-nous<\/h2>\n<p>[\/vc_column_text][vc_empty_space height=\u00a0\u00bb20px\u00a0\u00bb][vc_row_inner row_type=\u00a0\u00bbrow\u00a0\u00bb type=\u00a0\u00bbfull_width\u00a0\u00bb text_align=\u00a0\u00bbleft\u00a0\u00bb css_animation=\u00a0\u00bb\u00a0\u00bb css=\u00a0\u00bb.vc_custom_1556184311604{margin-right: 100px !important;margin-left: 100px !important;}\u00a0\u00bb][vc_column_inner width=\u00a0\u00bb2\/3&Prime;][vc_column_text]<\/p>\n<p style=\"text-align: center;\"><strong>ATTENTION les showrooms (\u00e0 Aix en Provence et pr\u00e8s de Beaune en Bourgogne) ne se visitent que sur RDV<\/strong> mais nous pouvons livrer et installer en France m\u00e9tropolitaine \u00e0 partir d&rsquo;un montant minimum.<\/p>\n<p style=\"text-align: center;\">Pour faire votre devis en ligne, il faut aller a la <a href=\"https:\/\/jolibazaar.com\/index.php\/tarifs\/\">page Tarifs<\/a>. Vous nous envoyez ensuite votre panier par email pour verifier la disponibilit\u00e9 et les r\u00e9ductions (au volume ou basse saison) ou frais \u00e9ventuels (livraison, installation etc).<\/p>\n<p style=\"text-align: center;\">Notre email est le suivant<\/p>\n<p style=\"text-align: center;\"><img decoding=\"async\" class=\"alignnone size-full wp-image-17252\" src=\"https:\/\/jolibazaar.com\/wp-content\/uploads\/2019\/04\/mail_jolibazaaar.png\" alt=\"\" width=\"150\" height=\"33\" \/><\/p>\n<p>[\/vc_column_text]\n<div class=\"wpcf7 no-js\" id=\"wpcf7-f196-o1\" lang=\"fr-FR\" dir=\"ltr\" data-wpcf7-id=\"196\">\n<div class=\"screen-reader-response\"><p role=\"status\" aria-live=\"polite\" aria-atomic=\"true\"><\/p> <ul><\/ul><\/div>\n<form action=\"\/index.php\/wp-json\/wp\/v2\/pages\/147#wpcf7-f196-o1\" method=\"post\" class=\"wpcf7-form init default\" aria-label=\"Formulaire de contact\" novalidate=\"novalidate\" data-status=\"init\">\n<fieldset class=\"hidden-fields-container\"><input type=\"hidden\" name=\"_wpcf7\" value=\"196\" \/><input type=\"hidden\" name=\"_wpcf7_version\" value=\"6.1.5\" \/><input type=\"hidden\" name=\"_wpcf7_locale\" value=\"fr_FR\" \/><input type=\"hidden\" name=\"_wpcf7_unit_tag\" value=\"wpcf7-f196-o1\" \/><input type=\"hidden\" name=\"_wpcf7_container_post\" value=\"0\" \/><input type=\"hidden\" name=\"_wpcf7_posted_data_hash\" value=\"\" \/><input type=\"hidden\" name=\"_wpcf7_recaptcha_response\" value=\"\" \/>\n<\/fieldset>\n<span class=\"wpcf7-form-control-wrap\" data-name=\"text-853\"><input size=\"40\" maxlength=\"400\" class=\"wpcf7-form-control wpcf7-text wpcf7-validates-as-required\" aria-required=\"true\" aria-invalid=\"false\" value=\"Nom\" type=\"text\" name=\"text-853\" \/><\/span>\n<span class=\"wpcf7-form-control-wrap\" data-name=\"text-854\"><input size=\"40\" maxlength=\"400\" class=\"wpcf7-form-control wpcf7-text wpcf7-validates-as-required\" aria-required=\"true\" aria-invalid=\"false\" value=\"Pr\u00e9nom\" type=\"text\" name=\"text-854\" \/><\/span>\n<span class=\"wpcf7-form-control-wrap\" data-name=\"tel-619\"><input size=\"40\" maxlength=\"400\" class=\"wpcf7-form-control wpcf7-tel wpcf7-validates-as-required wpcf7-text wpcf7-validates-as-tel\" aria-required=\"true\" aria-invalid=\"false\" value=\"T\u00e9l\u00e9phone\" type=\"tel\" name=\"tel-619\" \/><\/span>\n<span class=\"wpcf7-form-control-wrap\" data-name=\"Email\"><input size=\"40\" maxlength=\"400\" class=\"wpcf7-form-control wpcf7-email wpcf7-validates-as-required wpcf7-text wpcf7-validates-as-email\" aria-required=\"true\" aria-invalid=\"false\" value=\"Email\" type=\"email\" name=\"Email\" \/><\/span>\n<span class=\"wpcf7-form-control-wrap\" data-name=\"text-855\"><input size=\"40\" maxlength=\"400\" class=\"wpcf7-form-control wpcf7-text wpcf7-validates-as-required\" aria-required=\"true\" aria-invalid=\"false\" value=\"Date de l&#039;Evenement\" type=\"text\" name=\"text-855\" \/><\/span>\n<span class=\"wpcf7-form-control-wrap\" data-name=\"text-856\"><input size=\"40\" maxlength=\"400\" class=\"wpcf7-form-control wpcf7-text wpcf7-validates-as-required\" aria-required=\"true\" aria-invalid=\"false\" value=\"Lieu de l&#039;Evenement\" type=\"text\" name=\"text-856\" \/><\/span>\n<span class=\"wpcf7-form-control-wrap\" data-name=\"checkbox-750\"><span class=\"wpcf7-form-control wpcf7-checkbox wpcf7-validates-as-required\"><span class=\"wpcf7-list-item first last\"><label><input type=\"checkbox\" name=\"checkbox-750[]\" value=\"Jolibazaar s&#039;engage \u00e0 prot\u00e9ger et \u00e0 respecter votre vie priv\u00e9e. Nous n&#039;utiliserons vos donn\u00e9es personnelles que pour vous fournir les produits et services demand\u00e9s. En cliquant sur \u00ab Soumettre \u00bb ci-dessous, vous autorisez l\u2019entreprise Jolibazaar \u00e0 stocker et traiter les donn\u00e9es personnelles.\" \/><span class=\"wpcf7-list-item-label\">Jolibazaar s&#039;engage \u00e0 prot\u00e9ger et \u00e0 respecter votre vie priv\u00e9e. Nous n&#039;utiliserons vos donn\u00e9es personnelles que pour vous fournir les produits et services demand\u00e9s. En cliquant sur \u00ab Soumettre \u00bb ci-dessous, vous autorisez l\u2019entreprise Jolibazaar \u00e0 stocker et traiter les donn\u00e9es personnelles.<\/span><\/label><\/span><\/span><\/span>\n<span class=\"wpcf7-form-control-wrap\" data-name=\"textarea-107\"><textarea cols=\"40\" rows=\"10\" maxlength=\"2000\" class=\"wpcf7-form-control wpcf7-textarea\" aria-invalid=\"false\" name=\"textarea-107\">Message<\/textarea><\/span><input class=\"wpcf7-form-control wpcf7-submit has-spinner\" type=\"submit\" value=\"Envoy\u00e9\" \/><p style=\"display: none !important;\" class=\"akismet-fields-container\" data-prefix=\"_wpcf7_ak_\"><label>&#916;<textarea name=\"_wpcf7_ak_hp_textarea\" cols=\"45\" rows=\"8\" maxlength=\"100\"><\/textarea><\/label><input type=\"hidden\" id=\"ak_js_1\" name=\"_wpcf7_ak_js\" value=\"91\"\/><script>document.getElementById( \"ak_js_1\" ).setAttribute( \"value\", ( new Date() ).getTime() );<\/script><\/p><div class=\"wpcf7-response-output\" aria-hidden=\"true\"><\/div>\n<\/form>\n<\/div>\n[\/vc_column_inner][vc_column_inner width=\u00a0\u00bb1\/3&Prime;][vc_single_image image=\u00a0\u00bb18770&Prime; img_size=\u00a0\u00bbmedium\u00a0\u00bb qode_css_animation=\u00a0\u00bb\u00a0\u00bb][vc_column_text]Accueil : 09 70 66 92 61\u202c<\/p>\n<p>Devis (Aurore) : \u202d07 83 73 16 40\u202c<\/p>\n<p>Livraisons et relations avec les domaines (Delphine) : \u202d07 44 96 85 51\u202c (permanence du samedi en haute saison)[\/vc_column_text][\/vc_column_inner][\/vc_row_inner][\/vc_column][\/vc_row][vc_row css_animation=\u00a0\u00bb\u00a0\u00bb row_type=\u00a0\u00bbrow\u00a0\u00bb use_row_as_full_screen_section=\u00a0\u00bbno\u00a0\u00bb type=\u00a0\u00bbfull_width\u00a0\u00bb angled_section=\u00a0\u00bbno\u00a0\u00bb text_align=\u00a0\u00bbleft\u00a0\u00bb background_image_as_pattern=\u00a0\u00bbwithout_pattern\u00a0\u00bb css=\u00a0\u00bb.vc_custom_1552994519107{margin-right: 200px !important;margin-left: 200px !important;}\u00a0\u00bb z_index=\u00a0\u00bb\u00a0\u00bb][vc_column width=\u00a0\u00bb1\/3&Prime;][\/vc_column][vc_column width=\u00a0\u00bb1\/3&Prime;][\/vc_column][vc_column width=\u00a0\u00bb1\/3&Prime;][\/vc_column][\/vc_row]<\/p>\n<\/div>","protected":false},"excerpt":{"rendered":"<p>[vc_row css_animation=\u00a0\u00bb\u00a0\u00bb row_type=\u00a0\u00bbrow\u00a0\u00bb use_row_as_full_screen_section=\u00a0\u00bbno\u00a0\u00bb type=\u00a0\u00bbgrid\u00a0\u00bb angled_section=\u00a0\u00bbno\u00a0\u00bb text_align=\u00a0\u00bbleft\u00a0\u00bb background_image_as_pattern=\u00a0\u00bbwithout_pattern\u00a0\u00bb z_index=\u00a0\u00bb\u00a0\u00bb css=\u00a0\u00bb.vc_custom_1552908321060{margin-top: 70px !important;padding-bottom: 135px !important;}\u00a0\u00bb][vc_column][vc_empty_space height=\u00a0\u00bb45px\u00a0\u00bb][vc_column_text] Contactez-nous [\/vc_column_text][vc_empty_space height=\u00a0\u00bb20px\u00a0\u00bb][vc_row_inner row_type=\u00a0\u00bbrow\u00a0\u00bb type=\u00a0\u00bbfull_width\u00a0\u00bb text_align=\u00a0\u00bbleft\u00a0\u00bb css_animation=\u00a0\u00bb\u00a0\u00bb css=\u00a0\u00bb.vc_custom_1556184311604{margin-right: 100px !important;margin-left: 100px !important;}\u00a0\u00bb][vc_column_inner width=\u00a0\u00bb2\/3&Prime;][vc_column_text] ATTENTION les showrooms (\u00e0 Aix en Provence et pr\u00e8s de Beaune en Bourgogne) ne se visitent que&#8230;<\/p>\n","protected":false},"author":1,"featured_media":0,"parent":0,"menu_order":0,"comment_status":"closed","ping_status":"closed","template":"full_width.php","meta":{"footnotes":""},"class_list":["post-147","page","type-page","status-publish","hentry"],"_links":{"self":[{"href":"https:\/\/jolibazaar.com\/index.php\/wp-json\/wp\/v2\/pages\/147","targetHints":{"allow":["GET"]}}],"collection":[{"href":"https:\/\/jolibazaar.com\/index.php\/wp-json\/wp\/v2\/pages"}],"about":[{"href":"https:\/\/jolibazaar.com\/index.php\/wp-json\/wp\/v2\/types\/page"}],"author":[{"embeddable":true,"href":"https:\/\/jolibazaar.com\/index.php\/wp-json\/wp\/v2\/users\/1"}],"replies":[{"embeddable":true,"href":"https:\/\/jolibazaar.com\/index.php\/wp-json\/wp\/v2\/comments?post=147"}],"version-history":[{"count":45,"href":"https:\/\/jolibazaar.com\/index.php\/wp-json\/wp\/v2\/pages\/147\/revisions"}],"predecessor-version":[{"id":20273,"href":"https:\/\/jolibazaar.com\/index.php\/wp-json\/wp\/v2\/pages\/147\/revisions\/20273"}],"wp:attachment":[{"href":"https:\/\/jolibazaar.com\/index.php\/wp-json\/wp\/v2\/media?parent=147"}],"curies":[{"name":"wp","href":"https:\/\/api.w.org\/{rel}","templated":true}]}}