{"id":170,"date":"2018-03-27T08:09:37","date_gmt":"2018-03-27T08:09:37","guid":{"rendered":"http:\/\/bridge201.qodeinteractive.com\/?page_id=170"},"modified":"2026-01-06T11:47:29","modified_gmt":"2026-01-06T10:47:29","slug":"inspirations","status":"publish","type":"page","link":"https:\/\/jolibazaar.com\/index.php\/inspirations\/","title":{"rendered":"Inspirations"},"content":{"rendered":"<div class=\"wpb-content-wrapper\"><p>[vc_row css_animation=\u00a0\u00bb\u00a0\u00bb row_type=\u00a0\u00bbrow\u00a0\u00bb use_row_as_full_screen_section=\u00a0\u00bbno\u00a0\u00bb type=\u00a0\u00bbfull_width\u00a0\u00bb angled_section=\u00a0\u00bbno\u00a0\u00bb text_align=\u00a0\u00bbleft\u00a0\u00bb background_image_as_pattern=\u00a0\u00bbwithout_pattern\u00a0\u00bb css=\u00a0\u00bb.vc_custom_1551819356907{margin-top: 50px !important;}\u00a0\u00bb z_index=\u00a0\u00bb\u00a0\u00bb][vc_column]<div class=\"masonry_gallery_holder  \" data-parallax_item_speed=\"0.3\" data-parallax_item_offset=\"0\"><div class=\"grid-sizer\"><\/div><article class=\"masonry_gallery_item square_small with_button \"><div class = \"masonry_gallery_image_holder\"><img fetchpriority=\"high\" decoding=\"async\" width=\"570\" height=\"570\" src=\"https:\/\/jolibazaar.com\/wp-content\/uploads\/2020\/12\/challengenoel-hedhera-mailysfortune-48-570x570.jpg\" class=\"attachment-portfolio-square size-portfolio-square wp-post-image\" alt=\"\" srcset=\"https:\/\/jolibazaar.com\/wp-content\/uploads\/2020\/12\/challengenoel-hedhera-mailysfortune-48-570x570.jpg 570w, https:\/\/jolibazaar.com\/wp-content\/uploads\/2020\/12\/challengenoel-hedhera-mailysfortune-48-150x150.jpg 150w, https:\/\/jolibazaar.com\/wp-content\/uploads\/2020\/12\/challengenoel-hedhera-mailysfortune-48-500x500.jpg 500w, https:\/\/jolibazaar.com\/wp-content\/uploads\/2020\/12\/challengenoel-hedhera-mailysfortune-48-1000x1000.jpg 1000w, https:\/\/jolibazaar.com\/wp-content\/uploads\/2020\/12\/challengenoel-hedhera-mailysfortune-48-100x100.jpg 100w\" sizes=\"(max-width: 570px) 100vw, 570px\" \/><\/div><div class=\"masonry_gallery_item_outer\"><div class=\"masonry_gallery_item_inner\"><div class=\"masonry_gallery_item_content\"><h3 itemprop=\"name\">Noel sous la neige<\/h3><p class=\"masonry_gallery_item_text\"><\/p><a itemprop=\"url\" href=\"https:\/\/jolibazaar.com\/index.php\/inspirations\/noel-sous-la-neige\/\" class=\"qbutton masonry_gallery_item_button\" target=\"_self\">Voir l&#039;inspiration<\/a><\/div><\/div><\/div><\/article><article class=\"masonry_gallery_item square_small with_button \"><div class = \"masonry_gallery_image_holder\"><img decoding=\"async\" width=\"570\" height=\"449\" src=\"https:\/\/jolibazaar.com\/wp-content\/uploads\/2020\/12\/table-bois-challengenoel-Provence-Laetitiac-jolibazaar-by-Ludovic-Grau-Mingot-35-598-570x449.jpeg\" class=\"attachment-portfolio-square size-portfolio-square wp-post-image\" alt=\"\" \/><\/div><div class=\"masonry_gallery_item_outer\"><div class=\"masonry_gallery_item_inner\"><div class=\"masonry_gallery_item_content\"><h3 itemprop=\"name\">D\u00e9co blanche et \u00e9pur\u00e9e<\/h3><p class=\"masonry_gallery_item_text\"><\/p><a itemprop=\"url\" href=\"https:\/\/jolibazaar.com\/index.php\/inspirations\/noel-blanc-et-organique\/\" class=\"qbutton masonry_gallery_item_button\" target=\"_self\">Voir l&#039;inspiration<\/a><\/div><\/div><\/div><\/article><article class=\"masonry_gallery_item square_small with_button \"><div class = \"masonry_gallery_image_holder\"><img decoding=\"async\" width=\"570\" height=\"309\" src=\"https:\/\/jolibazaar.com\/wp-content\/uploads\/2020\/11\/fairy-lights_bunker-Marseille_by-Chris-Serrano_inspiration-570x309.jpeg\" class=\"attachment-portfolio-square size-portfolio-square wp-post-image\" alt=\"jolibazaar beach party\" \/><\/div><div class=\"masonry_gallery_item_outer\"><div class=\"masonry_gallery_item_inner\"><div class=\"masonry_gallery_item_content\"><h3 itemprop=\"name\">Beach party<\/h3><p class=\"masonry_gallery_item_text\"><\/p><a itemprop=\"url\" href=\"https:\/\/jolibazaar.com\/index.php\/inspirations\/beach-party\" class=\"qbutton masonry_gallery_item_button\" target=\"_self\">Voir l&#039;inspiration<\/a><\/div><\/div><\/div><\/article><article class=\"masonry_gallery_item square_small with_button \"><div class = \"masonry_gallery_image_holder\"><img loading=\"lazy\" decoding=\"async\" width=\"570\" height=\"300\" src=\"https:\/\/jolibazaar.com\/wp-content\/uploads\/2020\/03\/Florine_jolibazaar_by-Lorenzo_600x300-570x300.jpeg\" class=\"attachment-portfolio-square size-portfolio-square wp-post-image\" alt=\"\" \/><\/div><div class=\"masonry_gallery_item_outer\"><div class=\"masonry_gallery_item_inner\"><div class=\"masonry_gallery_item_content\"><h3 itemprop=\"name\">Kinfolk<\/h3><p class=\"masonry_gallery_item_text\"><\/p><a itemprop=\"url\" href=\"https:\/\/jolibazaar.com\/index.php\/inspirations\/kinfolk\/\" class=\"qbutton masonry_gallery_item_button\" target=\"_self\">Voir l&#039;inspiration<\/a><\/div><\/div><\/div><\/article><article class=\"masonry_gallery_item square_small with_button \"><div class = \"masonry_gallery_image_holder\"><img loading=\"lazy\" decoding=\"async\" width=\"570\" height=\"300\" src=\"https:\/\/jolibazaar.com\/wp-content\/uploads\/2019\/04\/green-and-white_inspiration_jolibazaar_600_300-570x300.jpeg\" class=\"attachment-portfolio-square size-portfolio-square wp-post-image\" alt=\"\" \/><\/div><div class=\"masonry_gallery_item_outer\"><div class=\"masonry_gallery_item_inner\"><div class=\"masonry_gallery_item_content\"><h3 itemprop=\"name\">Nature rustique<\/h3><p class=\"masonry_gallery_item_text\"><\/p><a itemprop=\"url\" href=\"https:\/\/jolibazaar.com\/index.php\/inspirations\/rustic\/\" class=\"qbutton masonry_gallery_item_button\" target=\"_self\">Voir l&#039;inspiration<\/a><\/div><\/div><\/div><\/article><article class=\"masonry_gallery_item square_small with_button \"><div class = \"masonry_gallery_image_holder\"><img loading=\"lazy\" decoding=\"async\" width=\"380\" height=\"540\" src=\"https:\/\/jolibazaar.com\/wp-content\/uploads\/2013\/10\/chaise_ghost_Starck-clear-chair_Krystal_by-Lauren_jolibazaar_380_540.jpeg\" class=\"attachment-portfolio-square size-portfolio-square wp-post-image\" alt=\"\" srcset=\"https:\/\/jolibazaar.com\/wp-content\/uploads\/2013\/10\/chaise_ghost_Starck-clear-chair_Krystal_by-Lauren_jolibazaar_380_540.jpeg 380w, https:\/\/jolibazaar.com\/wp-content\/uploads\/2013\/10\/chaise_ghost_Starck-clear-chair_Krystal_by-Lauren_jolibazaar_380_540-211x300.jpeg 211w, https:\/\/jolibazaar.com\/wp-content\/uploads\/2013\/10\/chaise_ghost_Starck-clear-chair_Krystal_by-Lauren_jolibazaar_380_540-300x426.jpeg 300w\" sizes=\"(max-width: 380px) 100vw, 380px\" \/><\/div><div class=\"masonry_gallery_item_outer\"><div class=\"masonry_gallery_item_inner\"><div class=\"masonry_gallery_item_content\"><h3 itemprop=\"name\">Gatsby<\/h3><p class=\"masonry_gallery_item_text\"><\/p><a itemprop=\"url\" href=\"https:\/\/jolibazaar.com\/index.php\/inspirations\/gatsby\/\" class=\"qbutton masonry_gallery_item_button\" target=\"_self\">Voir l&#039;inspiration<\/a><\/div><\/div><\/div><\/article><article class=\"masonry_gallery_item square_small with_button \"><div class = \"masonry_gallery_image_holder\"><img loading=\"lazy\" decoding=\"async\" width=\"570\" height=\"570\" src=\"https:\/\/jolibazaar.com\/wp-content\/uploads\/2019\/02\/cage-oiseau_bird-cage_001_jolibazaar_z-570x570.jpg\" class=\"attachment-portfolio-square size-portfolio-square wp-post-image\" alt=\"\" srcset=\"https:\/\/jolibazaar.com\/wp-content\/uploads\/2019\/02\/cage-oiseau_bird-cage_001_jolibazaar_z-570x570.jpg 570w, https:\/\/jolibazaar.com\/wp-content\/uploads\/2019\/02\/cage-oiseau_bird-cage_001_jolibazaar_z-150x150.jpg 150w, https:\/\/jolibazaar.com\/wp-content\/uploads\/2019\/02\/cage-oiseau_bird-cage_001_jolibazaar_z-500x500.jpg 500w, https:\/\/jolibazaar.com\/wp-content\/uploads\/2019\/02\/cage-oiseau_bird-cage_001_jolibazaar_z-1000x1000.jpg 1000w, https:\/\/jolibazaar.com\/wp-content\/uploads\/2019\/02\/cage-oiseau_bird-cage_001_jolibazaar_z-100x100.jpg 100w\" sizes=\"(max-width: 570px) 100vw, 570px\" \/><\/div><div class=\"masonry_gallery_item_outer\"><div class=\"masonry_gallery_item_inner\"><div class=\"masonry_gallery_item_content\"><h3 itemprop=\"name\">Champ\u00eatre chic<\/h3><p class=\"masonry_gallery_item_text\"><\/p><a itemprop=\"url\" href=\"https:\/\/jolibazaar.com\/index.php\/inspirations\/champetre-chic\/\" class=\"qbutton masonry_gallery_item_button\" target=\"_self\">voir l&#039;inspiration<\/a><\/div><\/div><\/div><\/article><\/div>[\/vc_column][\/vc_row][vc_row css_animation=\u00a0\u00bb\u00a0\u00bb row_type=\u00a0\u00bbrow\u00a0\u00bb use_row_as_full_screen_section=\u00a0\u00bbno\u00a0\u00bb type=\u00a0\u00bbfull_width\u00a0\u00bb angled_section=\u00a0\u00bbno\u00a0\u00bb text_align=\u00a0\u00bbleft\u00a0\u00bb background_image_as_pattern=\u00a0\u00bbwithout_pattern\u00a0\u00bb][vc_column][\/vc_column][\/vc_row]<\/p>\n<\/div>","protected":false},"excerpt":{"rendered":"<p>[vc_row css_animation=\u00a0\u00bb\u00a0\u00bb row_type=\u00a0\u00bbrow\u00a0\u00bb use_row_as_full_screen_section=\u00a0\u00bbno\u00a0\u00bb type=\u00a0\u00bbfull_width\u00a0\u00bb angled_section=\u00a0\u00bbno\u00a0\u00bb text_align=\u00a0\u00bbleft\u00a0\u00bb background_image_as_pattern=\u00a0\u00bbwithout_pattern\u00a0\u00bb css=\u00a0\u00bb.vc_custom_1551819356907{margin-top: 50px !important;}\u00a0\u00bb z_index=\u00a0\u00bb\u00a0\u00bb][vc_column][\/vc_column][\/vc_row][vc_row css_animation=\u00a0\u00bb\u00a0\u00bb row_type=\u00a0\u00bbrow\u00a0\u00bb use_row_as_full_screen_section=\u00a0\u00bbno\u00a0\u00bb type=\u00a0\u00bbfull_width\u00a0\u00bb angled_section=\u00a0\u00bbno\u00a0\u00bb text_align=\u00a0\u00bbleft\u00a0\u00bb background_image_as_pattern=\u00a0\u00bbwithout_pattern\u00a0\u00bb][vc_column][\/vc_column][\/vc_row]<\/p>\n","protected":false},"author":1,"featured_media":0,"parent":0,"menu_order":0,"comment_status":"closed","ping_status":"closed","template":"full_width.php","meta":{"footnotes":""},"class_list":["post-170","page","type-page","status-publish","hentry"],"_links":{"self":[{"href":"https:\/\/jolibazaar.com\/index.php\/wp-json\/wp\/v2\/pages\/170","targetHints":{"allow":["GET"]}}],"collection":[{"href":"https:\/\/jolibazaar.com\/index.php\/wp-json\/wp\/v2\/pages"}],"about":[{"href":"https:\/\/jolibazaar.com\/index.php\/wp-json\/wp\/v2\/types\/page"}],"author":[{"embeddable":true,"href":"https:\/\/jolibazaar.com\/index.php\/wp-json\/wp\/v2\/users\/1"}],"replies":[{"embeddable":true,"href":"https:\/\/jolibazaar.com\/index.php\/wp-json\/wp\/v2\/comments?post=170"}],"version-history":[{"count":11,"href":"https:\/\/jolibazaar.com\/index.php\/wp-json\/wp\/v2\/pages\/170\/revisions"}],"predecessor-version":[{"id":33807,"href":"https:\/\/jolibazaar.com\/index.php\/wp-json\/wp\/v2\/pages\/170\/revisions\/33807"}],"wp:attachment":[{"href":"https:\/\/jolibazaar.com\/index.php\/wp-json\/wp\/v2\/media?parent=170"}],"curies":[{"name":"wp","href":"https:\/\/api.w.org\/{rel}","templated":true}]}}