{"id":17239,"date":"2019-03-31T19:14:08","date_gmt":"2019-03-31T17:14:08","guid":{"rendered":"https:\/\/jolibazaar.com\/?post_type=product&#038;p=17239"},"modified":"2019-08-28T20:36:37","modified_gmt":"2019-08-28T18:36:37","slug":"package-french-country","status":"publish","type":"product","link":"https:\/\/jolibazaar.com\/index.php\/produit\/package-french-country\/","title":{"rendered":"Package French country"},"content":{"rendered":"<p>Package \u00e9l\u00e9gant \u00a0comprenant des verres look vintage en cristal taill\u00e9, une assiette de pr\u00e9sentation en rotin blanchi, une assiette \u00e0 pain \u00e0 liser\u00e9 argent\u00e9 et des couverts anciens argent\u00e9s<\/p>\n","protected":false},"excerpt":{"rendered":"<p>Package \u00e9l\u00e9gant comprenant des verres style ancien en cristal taill\u00e9, une assiette de pr\u00e9sentation en rotin blanchi, une assiette \u00e0 pain \u00e0 liser\u00e9 dor\u00e9 ou argent\u00e9 et des couverts anciens argent\u00e9s<\/p>\n","protected":false},"featured_media":17241,"template":"","meta":[],"product_brand":[],"product_cat":[157],"product_tag":[228,325,273,327,328,324,270,281,272,326],"class_list":{"0":"post-17239","1":"product","2":"type-product","3":"status-publish","4":"has-post-thumbnail","6":"product_cat-packages","7":"product_tag-argent","8":"product_tag-assiette-rotin","9":"product_tag-couverts","10":"product_tag-couverts-anciens","11":"product_tag-couverts-metal-argente","12":"product_tag-french-country","13":"product_tag-package","14":"product_tag-package-french-country","15":"product_tag-vaisselle","16":"product_tag-verres-cristal-taille","18":"first","19":"instock","20":"shipping-taxable","21":"product-type-simple"},"_links":{"self":[{"href":"https:\/\/jolibazaar.com\/index.php\/wp-json\/wp\/v2\/product\/17239","targetHints":{"allow":["GET"]}}],"collection":[{"href":"https:\/\/jolibazaar.com\/index.php\/wp-json\/wp\/v2\/product"}],"about":[{"href":"https:\/\/jolibazaar.com\/index.php\/wp-json\/wp\/v2\/types\/product"}],"wp:featuredmedia":[{"embeddable":true,"href":"https:\/\/jolibazaar.com\/index.php\/wp-json\/wp\/v2\/media\/17241"}],"wp:attachment":[{"href":"https:\/\/jolibazaar.com\/index.php\/wp-json\/wp\/v2\/media?parent=17239"}],"wp:term":[{"taxonomy":"product_brand","embeddable":true,"href":"https:\/\/jolibazaar.com\/index.php\/wp-json\/wp\/v2\/product_brand?post=17239"},{"taxonomy":"product_cat","embeddable":true,"href":"https:\/\/jolibazaar.com\/index.php\/wp-json\/wp\/v2\/product_cat?post=17239"},{"taxonomy":"product_tag","embeddable":true,"href":"https:\/\/jolibazaar.com\/index.php\/wp-json\/wp\/v2\/product_tag?post=17239"}],"curies":[{"name":"wp","href":"https:\/\/api.w.org\/{rel}","templated":true}]}}