{"id":17302,"date":"2019-04-23T11:00:32","date_gmt":"2019-04-23T09:00:32","guid":{"rendered":"https:\/\/jolibazaar.com\/?post_type=product&#038;p=17302"},"modified":"2020-01-16T15:32:15","modified_gmt":"2020-01-16T14:32:15","slug":"vase-dore-vintage","status":"publish","type":"product","link":"https:\/\/jolibazaar.com\/index.php\/produit\/vase-dore-vintage\/","title":{"rendered":"Vases en m\u00e9tal dor\u00e9 vintage"},"content":{"rendered":"<p>Vase dor\u00e9 Vintage<\/p>\n<p>&nbsp;<\/p>\n","protected":false},"excerpt":{"rendered":"<p>Petits vases anciens en laiton dor\u00e9 (plusieurs formes, produits vintage donc non assortis et le produit livr\u00e9 peut \u00eatre l\u00e9g\u00e8rement diff\u00e9rent de la photo)<\/p>\n","protected":false},"featured_media":17303,"template":"","meta":[],"product_brand":[],"product_cat":[185],"product_tag":[226,221,337,222,171,197,223,227,170],"class_list":{"0":"post-17302","1":"product","2":"type-product","3":"status-publish","4":"has-post-thumbnail","6":"product_cat-vases","7":"product_tag-accessoire-deco","8":"product_tag-chic","9":"product_tag-cylindre","10":"product_tag-diner","11":"product_tag-dore","12":"product_tag-location-deco","13":"product_tag-reception","14":"product_tag-vase","15":"product_tag-vintage","17":"first","18":"instock","19":"shipping-taxable","20":"product-type-simple"},"_links":{"self":[{"href":"https:\/\/jolibazaar.com\/index.php\/wp-json\/wp\/v2\/product\/17302","targetHints":{"allow":["GET"]}}],"collection":[{"href":"https:\/\/jolibazaar.com\/index.php\/wp-json\/wp\/v2\/product"}],"about":[{"href":"https:\/\/jolibazaar.com\/index.php\/wp-json\/wp\/v2\/types\/product"}],"wp:featuredmedia":[{"embeddable":true,"href":"https:\/\/jolibazaar.com\/index.php\/wp-json\/wp\/v2\/media\/17303"}],"wp:attachment":[{"href":"https:\/\/jolibazaar.com\/index.php\/wp-json\/wp\/v2\/media?parent=17302"}],"wp:term":[{"taxonomy":"product_brand","embeddable":true,"href":"https:\/\/jolibazaar.com\/index.php\/wp-json\/wp\/v2\/product_brand?post=17302"},{"taxonomy":"product_cat","embeddable":true,"href":"https:\/\/jolibazaar.com\/index.php\/wp-json\/wp\/v2\/product_cat?post=17302"},{"taxonomy":"product_tag","embeddable":true,"href":"https:\/\/jolibazaar.com\/index.php\/wp-json\/wp\/v2\/product_tag?post=17302"}],"curies":[{"name":"wp","href":"https:\/\/api.w.org\/{rel}","templated":true}]}}