{"id":17306,"date":"2019-04-23T11:09:59","date_gmt":"2019-04-23T09:09:59","guid":{"rendered":"https:\/\/jolibazaar.com\/?post_type=product&#038;p=17306"},"modified":"2020-01-16T15:33:24","modified_gmt":"2020-01-16T14:33:24","slug":"photophore-dore","status":"publish","type":"product","link":"https:\/\/jolibazaar.com\/index.php\/produit\/photophore-dore\/","title":{"rendered":"Petits photophores en m\u00e9tal dor\u00e9"},"content":{"rendered":"<p>Photophore Dor\u00e9<\/p>\n","protected":false},"excerpt":{"rendered":"<p>Photophore Dor\u00e9<\/p>\n","protected":false},"featured_media":17307,"template":"","meta":[],"product_brand":[],"product_cat":[184],"product_tag":[171,271,340,339,342,600],"class_list":{"0":"post-17306","1":"product","2":"type-product","3":"status-publish","4":"has-post-thumbnail","6":"product_cat-luminaires-et-photophores","7":"product_tag-dore","8":"product_tag-gold","9":"product_tag-luminaires","10":"product_tag-photophores","11":"product_tag-tealights","12":"product_tag-votives","14":"first","15":"instock","16":"shipping-taxable","17":"product-type-simple"},"_links":{"self":[{"href":"https:\/\/jolibazaar.com\/index.php\/wp-json\/wp\/v2\/product\/17306","targetHints":{"allow":["GET"]}}],"collection":[{"href":"https:\/\/jolibazaar.com\/index.php\/wp-json\/wp\/v2\/product"}],"about":[{"href":"https:\/\/jolibazaar.com\/index.php\/wp-json\/wp\/v2\/types\/product"}],"wp:featuredmedia":[{"embeddable":true,"href":"https:\/\/jolibazaar.com\/index.php\/wp-json\/wp\/v2\/media\/17307"}],"wp:attachment":[{"href":"https:\/\/jolibazaar.com\/index.php\/wp-json\/wp\/v2\/media?parent=17306"}],"wp:term":[{"taxonomy":"product_brand","embeddable":true,"href":"https:\/\/jolibazaar.com\/index.php\/wp-json\/wp\/v2\/product_brand?post=17306"},{"taxonomy":"product_cat","embeddable":true,"href":"https:\/\/jolibazaar.com\/index.php\/wp-json\/wp\/v2\/product_cat?post=17306"},{"taxonomy":"product_tag","embeddable":true,"href":"https:\/\/jolibazaar.com\/index.php\/wp-json\/wp\/v2\/product_tag?post=17306"}],"curies":[{"name":"wp","href":"https:\/\/api.w.org\/{rel}","templated":true}]}}