{"id":17444,"date":"2019-04-23T15:45:33","date_gmt":"2019-04-23T13:45:33","guid":{"rendered":"https:\/\/jolibazaar.com\/?post_type=product&#038;p=17444"},"modified":"2021-11-24T16:12:17","modified_gmt":"2021-11-24T15:12:17","slug":"assiette-cream","status":"publish","type":"product","link":"https:\/\/jolibazaar.com\/index.php\/produit\/assiette-cream\/","title":{"rendered":"Assiettes Vulcania CREAM"},"content":{"rendered":"","protected":false},"excerpt":{"rendered":"<p>Assiettes modernes \u00e0 relief textur\u00e9 couleur blanc cr\u00e8me<\/p>\n<p>Mod\u00e8le Vulcania CREAM<\/p>\n<p>Textured cream plates<\/p>\n<p>Grande assiette plate plat principal: 26.5cm<\/p>\n<p>Petite assiette \u00e0 entr\u00e9e ou dessert: 21.5cm<\/p>\n<p>Assiette \u00e0 soupe ou salade: 19cm<\/p>\n<p>&nbsp;<\/p>\n","protected":false},"featured_media":17746,"template":"","meta":[],"product_brand":[],"product_cat":[229],"product_tag":[391,656,307,160,398,689,690,284,393,223,399],"class_list":{"0":"post-17444","1":"product","2":"type-product","3":"status-publish","4":"has-post-thumbnail","6":"product_cat-assiettes","7":"product_tag-assiette","8":"product_tag-assiette-blanche","9":"product_tag-blanc","10":"product_tag-ceremonie","11":"product_tag-cream","12":"product_tag-creme","13":"product_tag-ivoire","14":"product_tag-moderne","15":"product_tag-presentation","16":"product_tag-reception","17":"product_tag-texture","19":"first","20":"instock","21":"shipping-taxable","22":"product-type-simple"},"_links":{"self":[{"href":"https:\/\/jolibazaar.com\/index.php\/wp-json\/wp\/v2\/product\/17444","targetHints":{"allow":["GET"]}}],"collection":[{"href":"https:\/\/jolibazaar.com\/index.php\/wp-json\/wp\/v2\/product"}],"about":[{"href":"https:\/\/jolibazaar.com\/index.php\/wp-json\/wp\/v2\/types\/product"}],"wp:featuredmedia":[{"embeddable":true,"href":"https:\/\/jolibazaar.com\/index.php\/wp-json\/wp\/v2\/media\/17746"}],"wp:attachment":[{"href":"https:\/\/jolibazaar.com\/index.php\/wp-json\/wp\/v2\/media?parent=17444"}],"wp:term":[{"taxonomy":"product_brand","embeddable":true,"href":"https:\/\/jolibazaar.com\/index.php\/wp-json\/wp\/v2\/product_brand?post=17444"},{"taxonomy":"product_cat","embeddable":true,"href":"https:\/\/jolibazaar.com\/index.php\/wp-json\/wp\/v2\/product_cat?post=17444"},{"taxonomy":"product_tag","embeddable":true,"href":"https:\/\/jolibazaar.com\/index.php\/wp-json\/wp\/v2\/product_tag?post=17444"}],"curies":[{"name":"wp","href":"https:\/\/api.w.org\/{rel}","templated":true}]}}