{"id":17477,"date":"2019-04-23T16:24:16","date_gmt":"2019-04-23T14:24:16","guid":{"rendered":"https:\/\/jolibazaar.com\/?post_type=product&#038;p=17477"},"modified":"2021-07-06T13:56:13","modified_gmt":"2021-07-06T11:56:13","slug":"verre-whisky","status":"publish","type":"product","link":"https:\/\/jolibazaar.com\/index.php\/produit\/verre-whisky\/","title":{"rendered":"Verres \u00e0 whisky ou gobelets a eau vintage Manhattan"},"content":{"rendered":"<p>Verres \u00e0 Whisky ou verres \u00e0 eau en\u00a0 cristal taill\u00e9 style vintage<\/p>\n","protected":false},"excerpt":{"rendered":"<p>Verres \u00e0 Whisky ou verres \u00e0 eau en\u00a0 cristal taill\u00e9 style vintage<\/p>\n<p>Krystal whisky glass<\/p>\n","protected":false},"featured_media":17478,"template":"","meta":[],"product_brand":[],"product_cat":[232],"product_tag":[422,423,201,584,772,223,587,581,272,585,335,274,586,773,416],"class_list":{"0":"post-17477","1":"product","2":"type-product","3":"status-publish","4":"has-post-thumbnail","6":"product_cat-verres","7":"product_tag-alcool","8":"product_tag-bar","9":"product_tag-cocktail","10":"product_tag-glasses","11":"product_tag-manhattan","12":"product_tag-reception","13":"product_tag-specialglasses","14":"product_tag-tumbler","15":"product_tag-vaisselle","16":"product_tag-vaissellevintage","17":"product_tag-verre","18":"product_tag-verres","19":"product_tag-verresawhisky","20":"product_tag-verrescocktail","21":"product_tag-whisky","23":"first","24":"instock","25":"shipping-taxable","26":"product-type-simple"},"_links":{"self":[{"href":"https:\/\/jolibazaar.com\/index.php\/wp-json\/wp\/v2\/product\/17477","targetHints":{"allow":["GET"]}}],"collection":[{"href":"https:\/\/jolibazaar.com\/index.php\/wp-json\/wp\/v2\/product"}],"about":[{"href":"https:\/\/jolibazaar.com\/index.php\/wp-json\/wp\/v2\/types\/product"}],"wp:featuredmedia":[{"embeddable":true,"href":"https:\/\/jolibazaar.com\/index.php\/wp-json\/wp\/v2\/media\/17478"}],"wp:attachment":[{"href":"https:\/\/jolibazaar.com\/index.php\/wp-json\/wp\/v2\/media?parent=17477"}],"wp:term":[{"taxonomy":"product_brand","embeddable":true,"href":"https:\/\/jolibazaar.com\/index.php\/wp-json\/wp\/v2\/product_brand?post=17477"},{"taxonomy":"product_cat","embeddable":true,"href":"https:\/\/jolibazaar.com\/index.php\/wp-json\/wp\/v2\/product_cat?post=17477"},{"taxonomy":"product_tag","embeddable":true,"href":"https:\/\/jolibazaar.com\/index.php\/wp-json\/wp\/v2\/product_tag?post=17477"}],"curies":[{"name":"wp","href":"https:\/\/api.w.org\/{rel}","templated":true}]}}