{"id":17578,"date":"2019-04-29T18:57:10","date_gmt":"2019-04-29T16:57:10","guid":{"rendered":"https:\/\/jolibazaar.com\/?post_type=product&#038;p=17578"},"modified":"2019-09-26T11:24:30","modified_gmt":"2019-09-26T09:24:30","slug":"piquets-de-ceremonie-dore","status":"publish","type":"product","link":"https:\/\/jolibazaar.com\/index.php\/produit\/piquets-de-ceremonie-dore\/","title":{"rendered":"Piquets de ceremonie dores"},"content":{"rendered":"<p>Piquet en m\u00e9tal noir pour accrocher des fleurs le long de l&rsquo;all\u00e9e de votre c\u00e9r\u00e9monie en plein air<\/p>\n","protected":false},"excerpt":{"rendered":"<p>Piquet en m\u00e9tal noir pour accrocher des fleurs le long de l&rsquo;all\u00e9e de votre c\u00e9r\u00e9monie en plein air<\/p>\n","protected":false},"featured_media":17579,"template":"","meta":[],"product_brand":[],"product_cat":[186],"product_tag":[161,160,162,171,159],"class_list":{"0":"post-17578","1":"product","2":"type-product","3":"status-publish","4":"has-post-thumbnail","6":"product_cat-ceremonie","7":"product_tag-allee","8":"product_tag-ceremonie","9":"product_tag-deco-mariage","10":"product_tag-dore","11":"product_tag-piquet","13":"first","14":"instock","15":"shipping-taxable","16":"product-type-simple"},"_links":{"self":[{"href":"https:\/\/jolibazaar.com\/index.php\/wp-json\/wp\/v2\/product\/17578","targetHints":{"allow":["GET"]}}],"collection":[{"href":"https:\/\/jolibazaar.com\/index.php\/wp-json\/wp\/v2\/product"}],"about":[{"href":"https:\/\/jolibazaar.com\/index.php\/wp-json\/wp\/v2\/types\/product"}],"wp:featuredmedia":[{"embeddable":true,"href":"https:\/\/jolibazaar.com\/index.php\/wp-json\/wp\/v2\/media\/17579"}],"wp:attachment":[{"href":"https:\/\/jolibazaar.com\/index.php\/wp-json\/wp\/v2\/media?parent=17578"}],"wp:term":[{"taxonomy":"product_brand","embeddable":true,"href":"https:\/\/jolibazaar.com\/index.php\/wp-json\/wp\/v2\/product_brand?post=17578"},{"taxonomy":"product_cat","embeddable":true,"href":"https:\/\/jolibazaar.com\/index.php\/wp-json\/wp\/v2\/product_cat?post=17578"},{"taxonomy":"product_tag","embeddable":true,"href":"https:\/\/jolibazaar.com\/index.php\/wp-json\/wp\/v2\/product_tag?post=17578"}],"curies":[{"name":"wp","href":"https:\/\/api.w.org\/{rel}","templated":true}]}}