{"id":17681,"date":"2019-05-30T13:59:46","date_gmt":"2019-05-30T11:59:46","guid":{"rendered":"https:\/\/jolibazaar.com\/?post_type=product&#038;p=17681"},"modified":"2020-03-12T11:11:11","modified_gmt":"2020-03-12T10:11:11","slug":"verres-rose-vintage","status":"publish","type":"product","link":"https:\/\/jolibazaar.com\/index.php\/produit\/verres-rose-vintage\/","title":{"rendered":"Verres roses vintage ROSALINE"},"content":{"rendered":"<p>Verres rose vintage<\/p>\n","protected":false},"excerpt":{"rendered":"<p>D\u00e9licats verres \u00e0 pied anciens de couleur rose p\u00e2le. Disponibles en 5 tailles: verre \u00e0 vin rouge, verre \u00e0 vin blanc, verre \u00e0 eau, flute \u00e0 champagne, coupe \u00e0 champagne<\/p>\n<p>Verres Rosaline vintage Pink style Marie-Antoinette<\/p>\n<p>Pink glasses available in 5 shapes: red wine, white wine, water, champagne glass (thin) and champagne cup (wide)<\/p>\n<p>&nbsp;<\/p>\n","protected":false},"featured_media":17678,"template":"","meta":[],"product_brand":[],"product_cat":[232],"product_tag":[401,424,592,223,628,384,585,335,274,590,596,170],"class_list":{"0":"post-17681","1":"product","2":"type-product","3":"status-publish","4":"has-post-thumbnail","6":"product_cat-verres","7":"product_tag-ancien","8":"product_tag-cristal","9":"product_tag-pink","10":"product_tag-reception","11":"product_tag-rosaline","12":"product_tag-rose","13":"product_tag-vaissellevintage","14":"product_tag-verre","15":"product_tag-verres","16":"product_tag-verresdecouleur","17":"product_tag-verresvintage","18":"product_tag-vintage","20":"first","21":"instock","22":"shipping-taxable","23":"product-type-simple"},"_links":{"self":[{"href":"https:\/\/jolibazaar.com\/index.php\/wp-json\/wp\/v2\/product\/17681","targetHints":{"allow":["GET"]}}],"collection":[{"href":"https:\/\/jolibazaar.com\/index.php\/wp-json\/wp\/v2\/product"}],"about":[{"href":"https:\/\/jolibazaar.com\/index.php\/wp-json\/wp\/v2\/types\/product"}],"wp:featuredmedia":[{"embeddable":true,"href":"https:\/\/jolibazaar.com\/index.php\/wp-json\/wp\/v2\/media\/17678"}],"wp:attachment":[{"href":"https:\/\/jolibazaar.com\/index.php\/wp-json\/wp\/v2\/media?parent=17681"}],"wp:term":[{"taxonomy":"product_brand","embeddable":true,"href":"https:\/\/jolibazaar.com\/index.php\/wp-json\/wp\/v2\/product_brand?post=17681"},{"taxonomy":"product_cat","embeddable":true,"href":"https:\/\/jolibazaar.com\/index.php\/wp-json\/wp\/v2\/product_cat?post=17681"},{"taxonomy":"product_tag","embeddable":true,"href":"https:\/\/jolibazaar.com\/index.php\/wp-json\/wp\/v2\/product_tag?post=17681"}],"curies":[{"name":"wp","href":"https:\/\/api.w.org\/{rel}","templated":true}]}}