{"id":17741,"date":"2019-09-26T12:11:34","date_gmt":"2019-09-26T10:11:34","guid":{"rendered":"https:\/\/jolibazaar.com\/?post_type=product&#038;p=17741"},"modified":"2019-10-07T00:08:02","modified_gmt":"2019-10-06T22:08:02","slug":"verres-vintage-en-cristal-taille","status":"publish","type":"product","link":"https:\/\/jolibazaar.com\/index.php\/produit\/verres-vintage-en-cristal-taille\/","title":{"rendered":"Verres vintage en cristal taill\u00e9 Chambord"},"content":{"rendered":"","protected":false},"excerpt":{"rendered":"<p>El\u00e9gants verres de style vintage en cristal taill\u00e9 (verre \u00e0 vin rouge, verre \u00e0 vin blanc, flute \u00e0 champagne, gobelet \u00e0 eau) mod\u00e8le Chambord<\/p>\n<p>Photo <a href=\"https:\/\/www.alyna-photographe.com\">@Alyna<\/a><\/p>\n<p>Fleurs <a href=\"http:\/\/www.floresie.com\">@Floresie<\/a><\/p>\n<p>WP <a href=\"http:\/\/www.nkt-events.com\">@nktevents<\/a><\/p>\n","protected":false},"featured_media":17740,"template":"","meta":[],"product_brand":[],"product_cat":[232],"product_tag":[424,223,272,335,170],"class_list":{"0":"post-17741","1":"product","2":"type-product","3":"status-publish","4":"has-post-thumbnail","6":"product_cat-verres","7":"product_tag-cristal","8":"product_tag-reception","9":"product_tag-vaisselle","10":"product_tag-verre","11":"product_tag-vintage","13":"first","14":"instock","15":"shipping-taxable","16":"product-type-simple"},"_links":{"self":[{"href":"https:\/\/jolibazaar.com\/index.php\/wp-json\/wp\/v2\/product\/17741","targetHints":{"allow":["GET"]}}],"collection":[{"href":"https:\/\/jolibazaar.com\/index.php\/wp-json\/wp\/v2\/product"}],"about":[{"href":"https:\/\/jolibazaar.com\/index.php\/wp-json\/wp\/v2\/types\/product"}],"wp:featuredmedia":[{"embeddable":true,"href":"https:\/\/jolibazaar.com\/index.php\/wp-json\/wp\/v2\/media\/17740"}],"wp:attachment":[{"href":"https:\/\/jolibazaar.com\/index.php\/wp-json\/wp\/v2\/media?parent=17741"}],"wp:term":[{"taxonomy":"product_brand","embeddable":true,"href":"https:\/\/jolibazaar.com\/index.php\/wp-json\/wp\/v2\/product_brand?post=17741"},{"taxonomy":"product_cat","embeddable":true,"href":"https:\/\/jolibazaar.com\/index.php\/wp-json\/wp\/v2\/product_cat?post=17741"},{"taxonomy":"product_tag","embeddable":true,"href":"https:\/\/jolibazaar.com\/index.php\/wp-json\/wp\/v2\/product_tag?post=17741"}],"curies":[{"name":"wp","href":"https:\/\/api.w.org\/{rel}","templated":true}]}}