{"id":17753,"date":"2019-10-04T13:45:20","date_gmt":"2019-10-04T11:45:20","guid":{"rendered":"https:\/\/jolibazaar.com\/?post_type=product&#038;p=17753"},"modified":"2023-03-08T10:06:22","modified_gmt":"2023-03-08T09:06:22","slug":"etagere-en-metal-dore","status":"publish","type":"product","link":"https:\/\/jolibazaar.com\/index.php\/produit\/etagere-en-metal-dore\/","title":{"rendered":"Etagere en metal dore (back bar)"},"content":{"rendered":"","protected":false},"excerpt":{"rendered":"<p>Grande etagere en metal dore pour un plan \u00a0de table original ou pour exposer des photos de famille ou a louer en back bar<\/p>\n<div class=\"\">Largeur: 107 cm x\u00a0Profondeur: 35 cm x\u00a0Hauteur: 200 cm<\/div>\n<div><\/div>\n<div>A mettre \u00e0 l&rsquo;arri\u00e8re de <a href=\"https:\/\/jolibazaar.com\/index.php\/produit\/tables-buffets\/\">vos buffets<\/a> ou des \u00e9l\u00e9gants <a href=\"https:\/\/jolibazaar.com\/index.php\/produit\/bars-en-bois-blanc-a-moulures-charleston\/\">bars \u00e0 moulures blanches Charleston<\/a><\/div>\n<div><\/div>\n<div>Big gold metallic shelf for seating plans or displaying family pictures or for a backbar<\/div>\n<div><\/div>\n<div><\/div>\n<div><\/div>\n<div><\/div>\n<div><\/div>\n<div><i>Location\u00a0\u00e9tag\u00e8res, backbars, bar, buffet, mobilier pour mariages et r\u00e9ceptions Aix en Provence,\u00a0<\/i><em>Location meubles Provence,\u00a0<\/em><i>Location mobilier, vaisselle et mat\u00e9riel \u00e9v\u00e9nementiel Marseille, Pertuis, Luberon, Alpilles, Var, Vaucluse, Bouches du Rhone, sud de la France, Bourgogne France Comt\u00e9<\/i><\/div>\n","protected":false},"featured_media":18700,"template":"","meta":[],"product_brand":[],"product_cat":[187,898],"product_tag":[226,221,171,547,271,667,197,668,223,669,548],"class_list":{"0":"post-17753","1":"product","2":"type-product","3":"status-publish","4":"has-post-thumbnail","6":"product_cat-cocktail","7":"product_cat-mobilier-divers","8":"product_tag-accessoire-deco","9":"product_tag-chic","10":"product_tag-dore","11":"product_tag-etagere","12":"product_tag-gold","13":"product_tag-gold-shelf","14":"product_tag-location-deco","15":"product_tag-plan-de-table","16":"product_tag-reception","17":"product_tag-seating-plan","18":"product_tag-shelf","20":"first","21":"instock","22":"shipping-taxable","23":"product-type-simple"},"_links":{"self":[{"href":"https:\/\/jolibazaar.com\/index.php\/wp-json\/wp\/v2\/product\/17753","targetHints":{"allow":["GET"]}}],"collection":[{"href":"https:\/\/jolibazaar.com\/index.php\/wp-json\/wp\/v2\/product"}],"about":[{"href":"https:\/\/jolibazaar.com\/index.php\/wp-json\/wp\/v2\/types\/product"}],"wp:featuredmedia":[{"embeddable":true,"href":"https:\/\/jolibazaar.com\/index.php\/wp-json\/wp\/v2\/media\/18700"}],"wp:attachment":[{"href":"https:\/\/jolibazaar.com\/index.php\/wp-json\/wp\/v2\/media?parent=17753"}],"wp:term":[{"taxonomy":"product_brand","embeddable":true,"href":"https:\/\/jolibazaar.com\/index.php\/wp-json\/wp\/v2\/product_brand?post=17753"},{"taxonomy":"product_cat","embeddable":true,"href":"https:\/\/jolibazaar.com\/index.php\/wp-json\/wp\/v2\/product_cat?post=17753"},{"taxonomy":"product_tag","embeddable":true,"href":"https:\/\/jolibazaar.com\/index.php\/wp-json\/wp\/v2\/product_tag?post=17753"}],"curies":[{"name":"wp","href":"https:\/\/api.w.org\/{rel}","templated":true}]}}