{"id":17796,"date":"2019-11-28T21:48:16","date_gmt":"2019-11-28T20:48:16","guid":{"rendered":"https:\/\/jolibazaar.com\/?post_type=product&#038;p=17796"},"modified":"2025-01-25T16:00:23","modified_gmt":"2025-01-25T15:00:23","slug":"verres-a-eau-gobelets-blancs-opalescents-snow-copie","status":"publish","type":"product","link":"https:\/\/jolibazaar.com\/index.php\/produit\/verres-a-eau-gobelets-blancs-opalescents-snow-copie\/","title":{"rendered":"Verres blancs opalescents SNOW (gobelets)"},"content":{"rendered":"","protected":false},"excerpt":{"rendered":"<p>Verres de style vintage de couleur blanc opalescent en s\u00e9rie de 4: un verre \u00e0 vin rouge, un verre \u00e0 vin blanc, une flute et un <a href=\"https:\/\/jolibazaar.com\/index.php\/produit\/verres-a-eau-style-vintage-de-couleur-bleue-diamond\/\">g<\/a>obelet \u00e0 eau (180 verres de chaque type)<\/p>\n<p>Mod\u00e8le SNOW WHITE<\/p>\n<p>White glasses available in 4 shapes: 2 sizes available for wine glasses, a champagne glass and a\u00a0white tumbler for water (180 available for each shape)<\/p>\n","protected":false},"featured_media":17797,"template":"","meta":[],"product_brand":[],"product_cat":[232],"product_tag":[307,567,223,579,581,335,580,578,568,170],"class_list":{"0":"post-17796","1":"product","2":"type-product","3":"status-publish","4":"has-post-thumbnail","6":"product_cat-verres","7":"product_tag-blanc","8":"product_tag-color-glass","9":"product_tag-reception","10":"product_tag-snow","11":"product_tag-tumbler","12":"product_tag-verre","13":"product_tag-verre-a-eau","14":"product_tag-verres-blancs","15":"product_tag-verres-couleur","16":"product_tag-vintage","18":"first","19":"instock","20":"shipping-taxable","21":"product-type-simple"},"_links":{"self":[{"href":"https:\/\/jolibazaar.com\/index.php\/wp-json\/wp\/v2\/product\/17796","targetHints":{"allow":["GET"]}}],"collection":[{"href":"https:\/\/jolibazaar.com\/index.php\/wp-json\/wp\/v2\/product"}],"about":[{"href":"https:\/\/jolibazaar.com\/index.php\/wp-json\/wp\/v2\/types\/product"}],"wp:featuredmedia":[{"embeddable":true,"href":"https:\/\/jolibazaar.com\/index.php\/wp-json\/wp\/v2\/media\/17797"}],"wp:attachment":[{"href":"https:\/\/jolibazaar.com\/index.php\/wp-json\/wp\/v2\/media?parent=17796"}],"wp:term":[{"taxonomy":"product_brand","embeddable":true,"href":"https:\/\/jolibazaar.com\/index.php\/wp-json\/wp\/v2\/product_brand?post=17796"},{"taxonomy":"product_cat","embeddable":true,"href":"https:\/\/jolibazaar.com\/index.php\/wp-json\/wp\/v2\/product_cat?post=17796"},{"taxonomy":"product_tag","embeddable":true,"href":"https:\/\/jolibazaar.com\/index.php\/wp-json\/wp\/v2\/product_tag?post=17796"}],"curies":[{"name":"wp","href":"https:\/\/api.w.org\/{rel}","templated":true}]}}