{"id":17973,"date":"2020-04-07T15:31:16","date_gmt":"2020-04-07T13:31:16","guid":{"rendered":"https:\/\/jolibazaar.com\/?post_type=product&#038;p=17973"},"modified":"2022-10-29T13:27:09","modified_gmt":"2022-10-29T11:27:09","slug":"tables-cocktail","status":"publish","type":"product","link":"https:\/\/jolibazaar.com\/index.php\/produit\/tables-cocktail\/","title":{"rendered":"Tables cocktail a napper"},"content":{"rendered":"","protected":false},"excerpt":{"rendered":"<p>Tables de cocktail pliantes, gueridons en metal diametre 60cm et hauteur 70cm<\/p>\n<p>A combiner avec nos <a href=\"https:\/\/jolibazaar.com\/index.php\/produit\/chaises-de-jardin-blanches\/\">chaises de jardin blanches<\/a>\u00a0et nos <a href=\"https:\/\/jolibazaar.com\/index.php\/produit\/nappes-coton-blanc\/\">nappes en coton blanc<\/a> ou <a href=\"https:\/\/jolibazaar.com\/index.php\/produit\/nappes-en-lin\/\">nappes en pur lin<\/a><\/p>\n<p>Cocktail tables with folding legs (tablecloths should be added either in cotton or in linen)<\/p>\n<p>&nbsp;<\/p>\n<p>&nbsp;<\/p>\n<p>&nbsp;<\/p>\n<p><i>Location tables\u00a0cocktail,\u00a0location gueridon,\u00a0location tables bois, location meubles tables et chaises pour mariages et r\u00e9ceptions Aix en Provence,\u00a0<\/i><em>Location meubles Provence,\u00a0<\/em><i>Location mobilier, vaisselle et mat\u00e9riel \u00e9v\u00e9nementiel Marseille, Pertuis, Luberon, Alpilles, Var, Vaucluse, Bouches du Rhone, sud de la France, Bourgogne France Comt\u00e9<\/i><\/p>\n<p>&nbsp;<\/p>\n<p>&nbsp;<\/p>\n","protected":false},"featured_media":18712,"template":"","meta":[],"product_brand":[],"product_cat":[187,191,189,192],"product_tag":[377,201,162,887,724,164,215,679,888],"class_list":{"0":"post-17973","1":"product","2":"type-product","3":"status-publish","4":"has-post-thumbnail","6":"product_cat-cocktail","7":"product_cat-lounge","8":"product_cat-soiree","9":"product_cat-tables","10":"product_tag-charme","11":"product_tag-cocktail","12":"product_tag-deco-mariage","13":"product_tag-gueridon","14":"product_tag-gueridons","15":"product_tag-nappe","16":"product_tag-table","17":"product_tag-table-cocktail","18":"product_tag-tables","20":"first","21":"instock","22":"shipping-taxable","23":"product-type-simple"},"_links":{"self":[{"href":"https:\/\/jolibazaar.com\/index.php\/wp-json\/wp\/v2\/product\/17973","targetHints":{"allow":["GET"]}}],"collection":[{"href":"https:\/\/jolibazaar.com\/index.php\/wp-json\/wp\/v2\/product"}],"about":[{"href":"https:\/\/jolibazaar.com\/index.php\/wp-json\/wp\/v2\/types\/product"}],"wp:featuredmedia":[{"embeddable":true,"href":"https:\/\/jolibazaar.com\/index.php\/wp-json\/wp\/v2\/media\/18712"}],"wp:attachment":[{"href":"https:\/\/jolibazaar.com\/index.php\/wp-json\/wp\/v2\/media?parent=17973"}],"wp:term":[{"taxonomy":"product_brand","embeddable":true,"href":"https:\/\/jolibazaar.com\/index.php\/wp-json\/wp\/v2\/product_brand?post=17973"},{"taxonomy":"product_cat","embeddable":true,"href":"https:\/\/jolibazaar.com\/index.php\/wp-json\/wp\/v2\/product_cat?post=17973"},{"taxonomy":"product_tag","embeddable":true,"href":"https:\/\/jolibazaar.com\/index.php\/wp-json\/wp\/v2\/product_tag?post=17973"}],"curies":[{"name":"wp","href":"https:\/\/api.w.org\/{rel}","templated":true}]}}