{"id":18157,"date":"2020-12-17T23:24:08","date_gmt":"2020-12-17T22:24:08","guid":{"rendered":"https:\/\/jolibazaar.com\/?post_type=product&#038;p=18157"},"modified":"2025-01-26T16:44:04","modified_gmt":"2025-01-26T15:44:04","slug":"tables-rondes-a-napper","status":"publish","type":"product","link":"https:\/\/jolibazaar.com\/index.php\/produit\/tables-rondes-a-napper\/","title":{"rendered":"Tables rondes a napper"},"content":{"rendered":"<p>Tables rondes \u00e0 napper (180cm &#8211; 10 pax)<\/p>\n","protected":false},"excerpt":{"rendered":"<p>Tables rondes \u00e0 napper avec pieds pliants. Facilement maniables<\/p>\n<p>Existent en plusieurs diam\u00e8tres: 75, 90, 120 (6 personnes), 150 cm (jusqu&rsquo;\u00e0 8 personnes), 180 cm (jusqu&rsquo;\u00e0 1-12 \u00a0personnes)<\/p>\n<p>Nous sommes les seuls loueurs a proposer des <a href=\"https:\/\/jolibazaar.com\/index.php\/produit\/nappes-en-lin\/\">nappes en lin<\/a> rondes (existent aussi en rectangulaire)<\/p>\n<p>Vous pouvez aussi louer des <a href=\"https:\/\/jolibazaar.com\/index.php\/produit\/nappe-cooton-blanc\/\">nappes rondes en coton rondes<\/a><\/p>\n<p><em>Location tables pliantes premier prix mariage Marseille, location tables en bois bon march\u00e9 pour mariages et r\u00e9ceptions Aix en Provence, <\/em><em>Location meubles discount Provence, <\/em><i>Location mobilier, vaisselle et mat\u00e9riel \u00e9v\u00e9nementiel Marseille, Pertuis, Luberon, Alpilles, Var, Vaucluse, Bouches du Rhone, sud de la France, Bourgogne France Comt\u00e9<\/i><\/p>\n","protected":false},"featured_media":18119,"template":"","meta":[],"product_brand":[],"product_cat":[192],"product_tag":[222,300,308,864,865,215,309,623],"class_list":{"0":"post-18157","1":"product","2":"type-product","3":"status-publish","4":"has-post-thumbnail","6":"product_cat-tables","7":"product_tag-diner","8":"product_tag-location-mobilier","9":"product_tag-location-table","10":"product_tag-location-table-ronde","11":"product_tag-round-table","12":"product_tag-table","13":"product_tag-table-pliante","14":"product_tag-table-ronde","16":"first","17":"instock","18":"shipping-taxable","19":"product-type-simple"},"_links":{"self":[{"href":"https:\/\/jolibazaar.com\/index.php\/wp-json\/wp\/v2\/product\/18157","targetHints":{"allow":["GET"]}}],"collection":[{"href":"https:\/\/jolibazaar.com\/index.php\/wp-json\/wp\/v2\/product"}],"about":[{"href":"https:\/\/jolibazaar.com\/index.php\/wp-json\/wp\/v2\/types\/product"}],"wp:featuredmedia":[{"embeddable":true,"href":"https:\/\/jolibazaar.com\/index.php\/wp-json\/wp\/v2\/media\/18119"}],"wp:attachment":[{"href":"https:\/\/jolibazaar.com\/index.php\/wp-json\/wp\/v2\/media?parent=18157"}],"wp:term":[{"taxonomy":"product_brand","embeddable":true,"href":"https:\/\/jolibazaar.com\/index.php\/wp-json\/wp\/v2\/product_brand?post=18157"},{"taxonomy":"product_cat","embeddable":true,"href":"https:\/\/jolibazaar.com\/index.php\/wp-json\/wp\/v2\/product_cat?post=18157"},{"taxonomy":"product_tag","embeddable":true,"href":"https:\/\/jolibazaar.com\/index.php\/wp-json\/wp\/v2\/product_tag?post=18157"}],"curies":[{"name":"wp","href":"https:\/\/api.w.org\/{rel}","templated":true}]}}