{"id":18222,"date":"2021-01-27T23:06:01","date_gmt":"2021-01-27T22:06:01","guid":{"rendered":"https:\/\/jolibazaar.com\/?post_type=product&#038;p=18222"},"modified":"2024-12-07T13:45:30","modified_gmt":"2024-12-07T12:45:30","slug":"chaises-medaillon-louis-xvi-dos-canne","status":"publish","type":"product","link":"https:\/\/jolibazaar.com\/index.php\/produit\/chaises-medaillon-louis-xvi-dos-canne\/","title":{"rendered":"Chaises m\u00e9daillon Louis XVI dos cann\u00e9"},"content":{"rendered":"<p>Chaises \u00e9l\u00e9gantes de style Louis XVI forme m\u00e9daillon avec un dossier en cannage osier tress\u00e9 dans le dos (couleur bois naturel)<\/p>\n<p>Existent avec un <a href=\"https:\/\/jolibazaar.com\/index.php\/produit\/chaises-medaillon-louis-xvi-dos-tissu\/\">dossier en lin beige<\/a> ou en <a href=\"https:\/\/jolibazaar.com\/index.php\/produit\/chaises-medaillon-louis-xvi-blanche\/\">medaillon blanc<\/a><\/p>\n","protected":false},"excerpt":{"rendered":"<p>Chaises Louis XVI forme m\u00e9daillon avec dossier cannage clair<\/p>\n<p>Dimensions 98cm (hauteur) x56 (profondeur)<\/p>\n<p>Hauteur assise: 48cm<\/p>\n<p>poids: 8kgs<\/p>\n","protected":false},"featured_media":18223,"template":"","meta":[],"product_brand":[],"product_cat":[190],"product_tag":[276,217,218,210,279,278,280,277,281,209],"class_list":{"0":"post-18222","1":"product","2":"type-product","3":"status-publish","4":"has-post-thumbnail","6":"product_cat-chaises","7":"product_tag-boheme","8":"product_tag-bois-clair","9":"product_tag-chaise","10":"product_tag-champetre","11":"product_tag-classique","12":"product_tag-elegant","13":"product_tag-louis-xvi","14":"product_tag-mobilier","15":"product_tag-package-french-country","16":"product_tag-rustique","18":"first","19":"instock","20":"shipping-taxable","21":"product-type-simple"},"_links":{"self":[{"href":"https:\/\/jolibazaar.com\/index.php\/wp-json\/wp\/v2\/product\/18222","targetHints":{"allow":["GET"]}}],"collection":[{"href":"https:\/\/jolibazaar.com\/index.php\/wp-json\/wp\/v2\/product"}],"about":[{"href":"https:\/\/jolibazaar.com\/index.php\/wp-json\/wp\/v2\/types\/product"}],"wp:featuredmedia":[{"embeddable":true,"href":"https:\/\/jolibazaar.com\/index.php\/wp-json\/wp\/v2\/media\/18223"}],"wp:attachment":[{"href":"https:\/\/jolibazaar.com\/index.php\/wp-json\/wp\/v2\/media?parent=18222"}],"wp:term":[{"taxonomy":"product_brand","embeddable":true,"href":"https:\/\/jolibazaar.com\/index.php\/wp-json\/wp\/v2\/product_brand?post=18222"},{"taxonomy":"product_cat","embeddable":true,"href":"https:\/\/jolibazaar.com\/index.php\/wp-json\/wp\/v2\/product_cat?post=18222"},{"taxonomy":"product_tag","embeddable":true,"href":"https:\/\/jolibazaar.com\/index.php\/wp-json\/wp\/v2\/product_tag?post=18222"}],"curies":[{"name":"wp","href":"https:\/\/api.w.org\/{rel}","templated":true}]}}