{"id":18241,"date":"2021-04-22T18:27:53","date_gmt":"2021-04-22T16:27:53","guid":{"rendered":"https:\/\/jolibazaar.com\/?post_type=product&#038;p=18241"},"modified":"2021-04-22T18:28:59","modified_gmt":"2021-04-22T16:28:59","slug":"assiettes-a-pain-en-cristal-lisere-dore","status":"publish","type":"product","link":"https:\/\/jolibazaar.com\/index.php\/produit\/assiettes-a-pain-en-cristal-lisere-dore\/","title":{"rendered":"Assiettes \u00e0 pain en cristal liser\u00e9 dor\u00e9"},"content":{"rendered":"","protected":false},"excerpt":{"rendered":"<p>Assiettes \u00e0 pain cristal liser\u00e9 dor\u00e9<\/p>\n<p>Diam\u00e8tre 12cm<\/p>\n<p>Side bread plates made of crystal with a gold rim<\/p>\n<p>other options: all crystal or silver rim<\/p>\n<p>Photo <a href=\"http:\/\/www.artedevie.com\">@artedevie<\/a><\/p>\n","protected":false},"featured_media":18060,"template":"","meta":[],"product_brand":[],"product_cat":[229],"product_tag":[391,424,171,392],"class_list":{"0":"post-18241","1":"product","2":"type-product","3":"status-publish","4":"has-post-thumbnail","6":"product_cat-assiettes","7":"product_tag-assiette","8":"product_tag-cristal","9":"product_tag-dore","10":"product_tag-pain","12":"first","13":"instock","14":"shipping-taxable","15":"product-type-simple"},"_links":{"self":[{"href":"https:\/\/jolibazaar.com\/index.php\/wp-json\/wp\/v2\/product\/18241","targetHints":{"allow":["GET"]}}],"collection":[{"href":"https:\/\/jolibazaar.com\/index.php\/wp-json\/wp\/v2\/product"}],"about":[{"href":"https:\/\/jolibazaar.com\/index.php\/wp-json\/wp\/v2\/types\/product"}],"wp:featuredmedia":[{"embeddable":true,"href":"https:\/\/jolibazaar.com\/index.php\/wp-json\/wp\/v2\/media\/18060"}],"wp:attachment":[{"href":"https:\/\/jolibazaar.com\/index.php\/wp-json\/wp\/v2\/media?parent=18241"}],"wp:term":[{"taxonomy":"product_brand","embeddable":true,"href":"https:\/\/jolibazaar.com\/index.php\/wp-json\/wp\/v2\/product_brand?post=18241"},{"taxonomy":"product_cat","embeddable":true,"href":"https:\/\/jolibazaar.com\/index.php\/wp-json\/wp\/v2\/product_cat?post=18241"},{"taxonomy":"product_tag","embeddable":true,"href":"https:\/\/jolibazaar.com\/index.php\/wp-json\/wp\/v2\/product_tag?post=18241"}],"curies":[{"name":"wp","href":"https:\/\/api.w.org\/{rel}","templated":true}]}}