{"id":18335,"date":"2021-12-02T11:55:07","date_gmt":"2021-12-02T10:55:07","guid":{"rendered":"https:\/\/jolibazaar.com\/?post_type=product&#038;p=18335"},"modified":"2022-10-28T14:55:05","modified_gmt":"2022-10-28T12:55:05","slug":"chaises-medaillon-gold","status":"publish","type":"product","link":"https:\/\/jolibazaar.com\/index.php\/produit\/chaises-medaillon-gold\/","title":{"rendered":"Chaises m\u00e9daillon Gold"},"content":{"rendered":"<p>Chaises Louis XVI forme m\u00e9daillon avec structure m\u00e9tal dor\u00e9 et coussin faux cuir blanc<\/p>\n","protected":false},"excerpt":{"rendered":"<p>Chaises Louis XVI forme m\u00e9daillon avec structure m\u00e9tal dor\u00e9 et coussin faux cuir blanc<\/p>\n<p>Dimensions 98cm (hauteur) x56 (profondeur)<\/p>\n<p>Hauteur assise: 48cm<\/p>\n","protected":false},"featured_media":18708,"template":"","meta":[],"product_brand":[],"product_cat":[190],"product_tag":[218,210,278,280,277,281],"class_list":{"0":"post-18335","1":"product","2":"type-product","3":"status-publish","4":"has-post-thumbnail","6":"product_cat-chaises","7":"product_tag-chaise","8":"product_tag-champetre","9":"product_tag-elegant","10":"product_tag-louis-xvi","11":"product_tag-mobilier","12":"product_tag-package-french-country","14":"first","15":"instock","16":"shipping-taxable","17":"product-type-simple"},"_links":{"self":[{"href":"https:\/\/jolibazaar.com\/index.php\/wp-json\/wp\/v2\/product\/18335","targetHints":{"allow":["GET"]}}],"collection":[{"href":"https:\/\/jolibazaar.com\/index.php\/wp-json\/wp\/v2\/product"}],"about":[{"href":"https:\/\/jolibazaar.com\/index.php\/wp-json\/wp\/v2\/types\/product"}],"wp:featuredmedia":[{"embeddable":true,"href":"https:\/\/jolibazaar.com\/index.php\/wp-json\/wp\/v2\/media\/18708"}],"wp:attachment":[{"href":"https:\/\/jolibazaar.com\/index.php\/wp-json\/wp\/v2\/media?parent=18335"}],"wp:term":[{"taxonomy":"product_brand","embeddable":true,"href":"https:\/\/jolibazaar.com\/index.php\/wp-json\/wp\/v2\/product_brand?post=18335"},{"taxonomy":"product_cat","embeddable":true,"href":"https:\/\/jolibazaar.com\/index.php\/wp-json\/wp\/v2\/product_cat?post=18335"},{"taxonomy":"product_tag","embeddable":true,"href":"https:\/\/jolibazaar.com\/index.php\/wp-json\/wp\/v2\/product_tag?post=18335"}],"curies":[{"name":"wp","href":"https:\/\/api.w.org\/{rel}","templated":true}]}}