{"id":18424,"date":"2022-02-02T13:00:04","date_gmt":"2022-02-02T12:00:04","guid":{"rendered":"https:\/\/jolibazaar.com\/?post_type=product&#038;p=18424"},"modified":"2025-01-25T11:42:23","modified_gmt":"2025-01-25T10:42:23","slug":"bar-charleston-bois-blanc-moulures","status":"publish","type":"product","link":"https:\/\/jolibazaar.com\/index.php\/produit\/bar-charleston-bois-blanc-moulures\/","title":{"rendered":"Bar CHARLESTON bois blanc \u00e0 moulures"},"content":{"rendered":"","protected":false},"excerpt":{"rendered":"<p>Bar a moulures en bois blanc, form U, cot\u00e9s pliables sur 15 cm d\u2019\u00e9paisseur seulement<\/p>\n<p>H90 x L200 x PR90<\/p>\n<p>existe en plus compact et l\u00e9ger (<a href=\"https:\/\/jolibazaar.com\/en\/index.php\/produit\/white-wooden-boston-bar\/\">bar Boston<\/a>) et \u00a0en version circulaire: <a href=\"https:\/\/jolibazaar.com\/index.php\/produit\/bar-rond-chicago\/\">bar Chicago<\/a><\/p>\n<p>White wooden bar with folding sides<\/p>\n<p>&nbsp;<\/p>\n<p>&nbsp;<\/p>\n<p><i>Location bar, buffet, mobilier cocktail mariage, tables en bois,\u00a0location tables,\u00a0location tables banquets, location tables et chaises pour mariages et r\u00e9ceptions Aix en Provence,\u00a0<\/i><em>Location meubles Provence,\u00a0<\/em><i>Location mobilier, vaisselle et mat\u00e9riel \u00e9v\u00e9nementiel Marseille, Pertuis, Luberon, Alpilles, Var, Vaucluse, Bouches du Rhone, sud de la France, Bourgogne France Comt\u00e9<\/i><\/p>\n","protected":false},"featured_media":18715,"template":"","meta":[],"product_brand":[],"product_cat":[534,187],"product_tag":[423,307,803,201,197,300,528,277,170],"class_list":{"0":"post-18424","1":"product","2":"type-product","3":"status-publish","4":"has-post-thumbnail","6":"product_cat-bars-buffets","7":"product_cat-cocktail","8":"product_tag-bar","9":"product_tag-blanc","10":"product_tag-charleston","11":"product_tag-cocktail","12":"product_tag-location-deco","13":"product_tag-location-mobilier","14":"product_tag-meuble","15":"product_tag-mobilier","16":"product_tag-vintage","18":"first","19":"instock","20":"shipping-taxable","21":"product-type-simple"},"_links":{"self":[{"href":"https:\/\/jolibazaar.com\/index.php\/wp-json\/wp\/v2\/product\/18424","targetHints":{"allow":["GET"]}}],"collection":[{"href":"https:\/\/jolibazaar.com\/index.php\/wp-json\/wp\/v2\/product"}],"about":[{"href":"https:\/\/jolibazaar.com\/index.php\/wp-json\/wp\/v2\/types\/product"}],"wp:featuredmedia":[{"embeddable":true,"href":"https:\/\/jolibazaar.com\/index.php\/wp-json\/wp\/v2\/media\/18715"}],"wp:attachment":[{"href":"https:\/\/jolibazaar.com\/index.php\/wp-json\/wp\/v2\/media?parent=18424"}],"wp:term":[{"taxonomy":"product_brand","embeddable":true,"href":"https:\/\/jolibazaar.com\/index.php\/wp-json\/wp\/v2\/product_brand?post=18424"},{"taxonomy":"product_cat","embeddable":true,"href":"https:\/\/jolibazaar.com\/index.php\/wp-json\/wp\/v2\/product_cat?post=18424"},{"taxonomy":"product_tag","embeddable":true,"href":"https:\/\/jolibazaar.com\/index.php\/wp-json\/wp\/v2\/product_tag?post=18424"}],"curies":[{"name":"wp","href":"https:\/\/api.w.org\/{rel}","templated":true}]}}