{"id":18481,"date":"2022-02-25T15:35:25","date_gmt":"2022-02-25T14:35:25","guid":{"rendered":"https:\/\/jolibazaar.com\/?post_type=product&#038;p=18481"},"modified":"2023-04-04T16:12:06","modified_gmt":"2023-04-04T14:12:06","slug":"nappes-en-lin","status":"publish","type":"product","link":"https:\/\/jolibazaar.com\/index.php\/produit\/nappes-en-lin\/","title":{"rendered":"Nappes en lin"},"content":{"rendered":"","protected":false},"excerpt":{"rendered":"<p>Nous sommes les seuls loueurs en France \u00e0 proposer des nappes rondes en pur lin<\/p>\n<ul>\n<li>en stock en rond (300 pour tables 150cm et 350cm pour tables 180cm) : blanc, beige, dusty blue<\/li>\n<li>en stock en rectangle 270x400cm (pour <a href=\"https:\/\/jolibazaar.com\/index.php\/produit\/tables-banquet-en-bois\/\">tables banquets<\/a> ou buffets rectangles 100x200cm)\u00a0: blanc, beige, dusty blue, rose blush<\/li>\n<li>en stock en rectangle 270x310cm (pour <a href=\"https:\/\/jolibazaar.com\/index.php\/produit\/tables-rectangles-a-napper\/\">tables banquets<\/a> ou buffets rectangles 100x200cm)\u00a0: rose blush<\/li>\n<li>autres couleurs et dimensions sur commande: par exemple gris, jaune safran, vert jade<\/li>\n<\/ul>\n<p>&nbsp;<\/p>\n<p>Pure linen tablecloths and napkins in various colors. Round tablecloths available in white, beige and dusty blue<\/p>\n<p>&nbsp;<\/p>\n<p>&nbsp;<\/p>\n<div class=\"woocommerce-product-details__short-description\">\n<p>&nbsp;<\/p>\n<p>&nbsp;<\/p>\n<p><em>Location nappes et serviettes pour mariages, location nappages pour mariage et r\u00e9ceptions Aix en Provence,\u00a0<\/em><em>Location nappes pur lin Provence,\u00a0<\/em><i>Location mobilier, vaisselle et mat\u00e9riel \u00e9v\u00e9nementiel Marseille, Pertuis, Luberon, Alpilles, Var, Vaucluse, Bouches du Rhone, sud de la France, Bourgogne France Comt\u00e9<\/i><\/p>\n<\/div>\n","protected":false},"featured_media":18482,"template":"","meta":[],"product_brand":[],"product_cat":[195,163],"product_tag":[929,931,728,934,618,935,932,165,167,168,164,867,866,930,868,869,933,870,169,696],"class_list":{"0":"post-18481","1":"product","2":"type-product","3":"status-publish","4":"has-post-thumbnail","6":"product_cat-nappes","7":"product_cat-textiles","8":"product_tag-beige-ficelle","9":"product_tag-bleu-glacier","10":"product_tag-bleu-gris","11":"product_tag-blush-pink","12":"product_tag-dusty-blue","13":"product_tag-gris-anthracite","14":"product_tag-ice-blue","15":"product_tag-lin","16":"product_tag-location-nappe","17":"product_tag-nappage","18":"product_tag-nappe","19":"product_tag-nappe-en-lin","20":"product_tag-nappelin","21":"product_tag-natural-beige","22":"product_tag-pur-lin","23":"product_tag-pure-linen","24":"product_tag-rose-blush","25":"product_tag-tablecloths","26":"product_tag-textiles","27":"product_tag-vert-sauge","29":"first","30":"instock","31":"shipping-taxable","32":"product-type-simple"},"_links":{"self":[{"href":"https:\/\/jolibazaar.com\/index.php\/wp-json\/wp\/v2\/product\/18481","targetHints":{"allow":["GET"]}}],"collection":[{"href":"https:\/\/jolibazaar.com\/index.php\/wp-json\/wp\/v2\/product"}],"about":[{"href":"https:\/\/jolibazaar.com\/index.php\/wp-json\/wp\/v2\/types\/product"}],"wp:featuredmedia":[{"embeddable":true,"href":"https:\/\/jolibazaar.com\/index.php\/wp-json\/wp\/v2\/media\/18482"}],"wp:attachment":[{"href":"https:\/\/jolibazaar.com\/index.php\/wp-json\/wp\/v2\/media?parent=18481"}],"wp:term":[{"taxonomy":"product_brand","embeddable":true,"href":"https:\/\/jolibazaar.com\/index.php\/wp-json\/wp\/v2\/product_brand?post=18481"},{"taxonomy":"product_cat","embeddable":true,"href":"https:\/\/jolibazaar.com\/index.php\/wp-json\/wp\/v2\/product_cat?post=18481"},{"taxonomy":"product_tag","embeddable":true,"href":"https:\/\/jolibazaar.com\/index.php\/wp-json\/wp\/v2\/product_tag?post=18481"}],"curies":[{"name":"wp","href":"https:\/\/api.w.org\/{rel}","templated":true}]}}