{"id":18841,"date":"2023-01-26T12:09:01","date_gmt":"2023-01-26T11:09:01","guid":{"rendered":"https:\/\/jolibazaar.com\/?post_type=product&#038;p=18841"},"modified":"2023-01-26T12:12:44","modified_gmt":"2023-01-26T11:12:44","slug":"couverts-slim-black-lotx4","status":"publish","type":"product","link":"https:\/\/jolibazaar.com\/index.php\/produit\/couverts-slim-black-lotx4\/","title":{"rendered":"Couverts Slim black lotx4"},"content":{"rendered":"","protected":false},"excerpt":{"rendered":"<p>Couverts modernes black<\/p>\n<p>Lot x4 (1grand couteau,1grande fourchette,1cuill\u00e8re \u00e0 dessert, 1 cuill\u00e8re \u00e0 caf\u00e9)<\/p>\n","protected":false},"featured_media":18842,"template":"","meta":[],"product_brand":[],"product_cat":[230],"product_tag":[666,402,546,222,284,223],"class_list":{"0":"post-18841","1":"product","2":"type-product","3":"status-publish","4":"has-post-thumbnail","6":"product_cat-couverts","7":"product_tag-black","8":"product_tag-couvert","9":"product_tag-cutlery","10":"product_tag-diner","11":"product_tag-moderne","12":"product_tag-reception","14":"first","15":"instock","16":"shipping-taxable","17":"product-type-simple"},"_links":{"self":[{"href":"https:\/\/jolibazaar.com\/index.php\/wp-json\/wp\/v2\/product\/18841","targetHints":{"allow":["GET"]}}],"collection":[{"href":"https:\/\/jolibazaar.com\/index.php\/wp-json\/wp\/v2\/product"}],"about":[{"href":"https:\/\/jolibazaar.com\/index.php\/wp-json\/wp\/v2\/types\/product"}],"wp:featuredmedia":[{"embeddable":true,"href":"https:\/\/jolibazaar.com\/index.php\/wp-json\/wp\/v2\/media\/18842"}],"wp:attachment":[{"href":"https:\/\/jolibazaar.com\/index.php\/wp-json\/wp\/v2\/media?parent=18841"}],"wp:term":[{"taxonomy":"product_brand","embeddable":true,"href":"https:\/\/jolibazaar.com\/index.php\/wp-json\/wp\/v2\/product_brand?post=18841"},{"taxonomy":"product_cat","embeddable":true,"href":"https:\/\/jolibazaar.com\/index.php\/wp-json\/wp\/v2\/product_cat?post=18841"},{"taxonomy":"product_tag","embeddable":true,"href":"https:\/\/jolibazaar.com\/index.php\/wp-json\/wp\/v2\/product_tag?post=18841"}],"curies":[{"name":"wp","href":"https:\/\/api.w.org\/{rel}","templated":true}]}}