{"id":18916,"date":"2023-02-01T11:42:25","date_gmt":"2023-02-01T10:42:25","guid":{"rendered":"https:\/\/jolibazaar.com\/?post_type=product&#038;p=18916"},"modified":"2026-04-01T17:31:02","modified_gmt":"2026-04-01T15:31:02","slug":"verres-classiques-aerial","status":"publish","type":"product","link":"https:\/\/jolibazaar.com\/index.php\/produit\/verres-classiques-aerial\/","title":{"rendered":"Verres classiques AERIAL"},"content":{"rendered":"","protected":false},"excerpt":{"rendered":"<p>Verres classiques AERIAL \u00a0(verre \u00e0 vin rouge 35cl, verre \u00e0 vin blanc 25cl, flute \u00e0 champagne19cl)<\/p>\n<p>AERIAL glasses<\/p>\n<p>&nbsp;<\/p>\n","protected":false},"featured_media":33862,"template":"","meta":[],"product_brand":[],"product_cat":[232],"product_tag":[918,917,223,272,335,274],"class_list":{"0":"post-18916","1":"product","2":"type-product","3":"status-publish","4":"has-post-thumbnail","6":"product_cat-verres","7":"product_tag-aerial","8":"product_tag-classiques","9":"product_tag-reception","10":"product_tag-vaisselle","11":"product_tag-verre","12":"product_tag-verres","14":"first","15":"instock","16":"shipping-taxable","17":"product-type-simple"},"_links":{"self":[{"href":"https:\/\/jolibazaar.com\/index.php\/wp-json\/wp\/v2\/product\/18916","targetHints":{"allow":["GET"]}}],"collection":[{"href":"https:\/\/jolibazaar.com\/index.php\/wp-json\/wp\/v2\/product"}],"about":[{"href":"https:\/\/jolibazaar.com\/index.php\/wp-json\/wp\/v2\/types\/product"}],"wp:featuredmedia":[{"embeddable":true,"href":"https:\/\/jolibazaar.com\/index.php\/wp-json\/wp\/v2\/media\/33862"}],"wp:attachment":[{"href":"https:\/\/jolibazaar.com\/index.php\/wp-json\/wp\/v2\/media?parent=18916"}],"wp:term":[{"taxonomy":"product_brand","embeddable":true,"href":"https:\/\/jolibazaar.com\/index.php\/wp-json\/wp\/v2\/product_brand?post=18916"},{"taxonomy":"product_cat","embeddable":true,"href":"https:\/\/jolibazaar.com\/index.php\/wp-json\/wp\/v2\/product_cat?post=18916"},{"taxonomy":"product_tag","embeddable":true,"href":"https:\/\/jolibazaar.com\/index.php\/wp-json\/wp\/v2\/product_tag?post=18916"}],"curies":[{"name":"wp","href":"https:\/\/api.w.org\/{rel}","templated":true}]}}