{"id":18953,"date":"2023-02-24T13:27:51","date_gmt":"2023-02-24T12:27:51","guid":{"rendered":"https:\/\/jolibazaar.com\/?post_type=product&#038;p=18953"},"modified":"2023-02-24T13:43:14","modified_gmt":"2023-02-24T12:43:14","slug":"galette-chaises-garden-square-fermob-blanches-copie","status":"publish","type":"product","link":"https:\/\/jolibazaar.com\/index.php\/produit\/galette-chaises-garden-square-fermob-blanches-copie\/","title":{"rendered":"Galette chaise Square Garden Fermob blanche"},"content":{"rendered":"<p>Galette chaise Square Garden Fermob blanche<\/p>\n","protected":false},"excerpt":{"rendered":"<p>Galette chaise Square Garden Fermob blanche<\/p>\n<p>Joli coussin en tissu blanc fait sur mesure pour chaise square garden (avec des nouettes pour l&rsquo;attacher)<\/p>\n<p>&nbsp;<\/p>\n<p>&nbsp;<\/p>\n<p>&nbsp;<\/p>\n<p><i>Location chaises blanches pour mariages, location chaises pliantes pour r\u00e9ceptions Aix en Provence,\u00a0<\/i><em>Location meubles Provence,\u00a0<\/em><i>Location mobilier, vaisselle et mat\u00e9riel \u00e9v\u00e9nementiel Marseille, Pertuis, Luberon, Alpilles, Var, Vaucluse, Bouches du Rhone, sud de la France, Bourgogne France Comt\u00e9<\/i><\/p>\n<p>&nbsp;<\/p>\n<p>&nbsp;<\/p>\n<p>&nbsp;<\/p>\n<p>&nbsp;<\/p>\n<p><i>Location bancs en bois\u00a0pour mariages, location chaises en bois pour r\u00e9ceptions Aix en Provence,\u00a0<\/i><em>Location meubles Provence,\u00a0<\/em><i>Location mobilier, vaisselle et mat\u00e9riel \u00e9v\u00e9nementiel Marseille, Pertuis, Luberon, Alpilles, Var, Vaucluse, Bouches du Rhone, sud de la France, Bourgogne France Comt\u00e9<\/i><\/p>\n","protected":false},"featured_media":18957,"template":"","meta":[],"product_brand":[],"product_cat":[190],"product_tag":[756,276,218,305,680,681,758,210,862,755,757,923,682,306,277,209,861,754],"class_list":{"0":"post-18953","1":"product","2":"type-product","3":"status-publish","4":"has-post-thumbnail","6":"product_cat-chaises","7":"product_tag-bistro-chair","8":"product_tag-boheme","9":"product_tag-chaise","10":"product_tag-chaise-blanche","11":"product_tag-chaise-cocktail","12":"product_tag-chaise-de-jardin","13":"product_tag-chaise-pliante","14":"product_tag-champetre","15":"product_tag-coussin","16":"product_tag-fermob","17":"product_tag-foldable-chair","18":"product_tag-galette","19":"product_tag-garden-chair","20":"product_tag-location-chaise","21":"product_tag-mobilier","22":"product_tag-rustique","23":"product_tag-trocadero","24":"product_tag-white-chair","26":"first","27":"instock","28":"shipping-taxable","29":"product-type-simple"},"_links":{"self":[{"href":"https:\/\/jolibazaar.com\/index.php\/wp-json\/wp\/v2\/product\/18953","targetHints":{"allow":["GET"]}}],"collection":[{"href":"https:\/\/jolibazaar.com\/index.php\/wp-json\/wp\/v2\/product"}],"about":[{"href":"https:\/\/jolibazaar.com\/index.php\/wp-json\/wp\/v2\/types\/product"}],"wp:featuredmedia":[{"embeddable":true,"href":"https:\/\/jolibazaar.com\/index.php\/wp-json\/wp\/v2\/media\/18957"}],"wp:attachment":[{"href":"https:\/\/jolibazaar.com\/index.php\/wp-json\/wp\/v2\/media?parent=18953"}],"wp:term":[{"taxonomy":"product_brand","embeddable":true,"href":"https:\/\/jolibazaar.com\/index.php\/wp-json\/wp\/v2\/product_brand?post=18953"},{"taxonomy":"product_cat","embeddable":true,"href":"https:\/\/jolibazaar.com\/index.php\/wp-json\/wp\/v2\/product_cat?post=18953"},{"taxonomy":"product_tag","embeddable":true,"href":"https:\/\/jolibazaar.com\/index.php\/wp-json\/wp\/v2\/product_tag?post=18953"}],"curies":[{"name":"wp","href":"https:\/\/api.w.org\/{rel}","templated":true}]}}