{"id":18960,"date":"2023-02-27T16:44:21","date_gmt":"2023-02-27T15:44:21","guid":{"rendered":"https:\/\/jolibazaar.com\/?post_type=product&#038;p=18960"},"modified":"2023-02-28T00:34:46","modified_gmt":"2023-02-27T23:34:46","slug":"coupe-cristal-dore-versailles","status":"publish","type":"product","link":"https:\/\/jolibazaar.com\/index.php\/produit\/coupe-cristal-dore-versailles\/","title":{"rendered":"Coupes \u00e0 champagne Versailles cristal fin liser\u00e9 dor\u00e9"},"content":{"rendered":"","protected":false},"excerpt":{"rendered":"<p>Coupes \u00e0 champagne en cristal fin \u00e0 bord dor\u00e9 Versailles<\/p>\n<p>H18cm et\u00a0\u00f8 10,6cm<\/p>\n","protected":false},"featured_media":18963,"template":"","meta":[],"product_brand":[],"product_cat":[232],"product_tag":[414,924,171,223,272,335,321],"class_list":{"0":"post-18960","1":"product","2":"type-product","3":"status-publish","4":"has-post-thumbnail","6":"product_cat-verres","7":"product_tag-champagne","8":"product_tag-coupes","9":"product_tag-dore","10":"product_tag-reception","11":"product_tag-vaisselle","12":"product_tag-verre","13":"product_tag-verres-dores","15":"first","16":"instock","17":"shipping-taxable","18":"product-type-simple"},"_links":{"self":[{"href":"https:\/\/jolibazaar.com\/index.php\/wp-json\/wp\/v2\/product\/18960","targetHints":{"allow":["GET"]}}],"collection":[{"href":"https:\/\/jolibazaar.com\/index.php\/wp-json\/wp\/v2\/product"}],"about":[{"href":"https:\/\/jolibazaar.com\/index.php\/wp-json\/wp\/v2\/types\/product"}],"wp:featuredmedia":[{"embeddable":true,"href":"https:\/\/jolibazaar.com\/index.php\/wp-json\/wp\/v2\/media\/18963"}],"wp:attachment":[{"href":"https:\/\/jolibazaar.com\/index.php\/wp-json\/wp\/v2\/media?parent=18960"}],"wp:term":[{"taxonomy":"product_brand","embeddable":true,"href":"https:\/\/jolibazaar.com\/index.php\/wp-json\/wp\/v2\/product_brand?post=18960"},{"taxonomy":"product_cat","embeddable":true,"href":"https:\/\/jolibazaar.com\/index.php\/wp-json\/wp\/v2\/product_cat?post=18960"},{"taxonomy":"product_tag","embeddable":true,"href":"https:\/\/jolibazaar.com\/index.php\/wp-json\/wp\/v2\/product_tag?post=18960"}],"curies":[{"name":"wp","href":"https:\/\/api.w.org\/{rel}","templated":true}]}}