{"id":19030,"date":"2023-05-24T12:47:42","date_gmt":"2023-05-24T10:47:42","guid":{"rendered":"https:\/\/jolibazaar.com\/?post_type=product&#038;p=19030"},"modified":"2025-01-25T15:54:34","modified_gmt":"2025-01-25T14:54:34","slug":"nappe-mange-debout","status":"publish","type":"product","link":"https:\/\/jolibazaar.com\/index.php\/produit\/nappe-mange-debout\/","title":{"rendered":"Nappes mange debout"},"content":{"rendered":"","protected":false},"excerpt":{"rendered":"<p>&nbsp;<\/p>\n<p>&nbsp;<\/p>\n<p>&nbsp;<\/p>\n<p><i>Location tables,\u00a0location mange debout,\u00a0location mangedebout, location tables cocktail et chaises pour mariages et r\u00e9ceptions Aix en Provence,\u00a0<\/i><em>Location meubles Provence,\u00a0<\/em><i>Location mobilier, vaisselle et mat\u00e9riel \u00e9v\u00e9nementiel Marseille, Pertuis, Luberon, Alpilles, Var, Vaucluse, Bouches du Rhone, sud de la France, Bourgogne France Comt\u00e9<\/i><\/p>\n","protected":false},"featured_media":19031,"template":"","meta":[],"product_brand":[],"product_cat":[195],"product_tag":[201,197,885,726,552,725,295],"class_list":{"0":"post-19030","1":"product","2":"type-product","3":"status-publish","4":"has-post-thumbnail","6":"product_cat-nappes","7":"product_tag-cocktail","8":"product_tag-location-deco","9":"product_tag-mangedebout","10":"product_tag-mobilier-pliant","11":"product_tag-nappes","12":"product_tag-poseur-tables","13":"product_tag-soiree","15":"first","16":"instock","17":"shipping-taxable","18":"product-type-simple"},"_links":{"self":[{"href":"https:\/\/jolibazaar.com\/index.php\/wp-json\/wp\/v2\/product\/19030","targetHints":{"allow":["GET"]}}],"collection":[{"href":"https:\/\/jolibazaar.com\/index.php\/wp-json\/wp\/v2\/product"}],"about":[{"href":"https:\/\/jolibazaar.com\/index.php\/wp-json\/wp\/v2\/types\/product"}],"wp:featuredmedia":[{"embeddable":true,"href":"https:\/\/jolibazaar.com\/index.php\/wp-json\/wp\/v2\/media\/19031"}],"wp:attachment":[{"href":"https:\/\/jolibazaar.com\/index.php\/wp-json\/wp\/v2\/media?parent=19030"}],"wp:term":[{"taxonomy":"product_brand","embeddable":true,"href":"https:\/\/jolibazaar.com\/index.php\/wp-json\/wp\/v2\/product_brand?post=19030"},{"taxonomy":"product_cat","embeddable":true,"href":"https:\/\/jolibazaar.com\/index.php\/wp-json\/wp\/v2\/product_cat?post=19030"},{"taxonomy":"product_tag","embeddable":true,"href":"https:\/\/jolibazaar.com\/index.php\/wp-json\/wp\/v2\/product_tag?post=19030"}],"curies":[{"name":"wp","href":"https:\/\/api.w.org\/{rel}","templated":true}]}}