{"id":20216,"date":"2024-12-03T12:42:10","date_gmt":"2024-12-03T11:42:10","guid":{"rendered":"https:\/\/jolibazaar.com\/?post_type=product&#038;p=20216"},"modified":"2025-01-28T15:09:13","modified_gmt":"2025-01-28T14:09:13","slug":"tables-serpentine-bois-a-napper","status":"publish","type":"product","link":"https:\/\/jolibazaar.com\/index.php\/produit\/tables-serpentine-bois-a-napper\/","title":{"rendered":"Tables serpentines en bois a napper avec pieds pliants"},"content":{"rendered":"","protected":false},"excerpt":{"rendered":"<p>Table serpentine en bois a napper avec pieds pliants<\/p>\n<p>Quart de cercle de 90cm de large: maximum 5 personnes sur le grand cote et 2 sur le petit cote<\/p>\n<p>4 tables en quart forment un cercle de 3m de diam\u00e8tre (Max 20 personnes)<\/p>\n<p>Wooden serpentine table with folding legs<\/p>\n<p>&nbsp;<\/p>\n<p>&nbsp;<\/p>\n<p>&nbsp;<\/p>\n<p>&nbsp;<\/p>\n<p><em>Location tables pliantes pas ch\u00e8res mariage Marseille, location tables en bois bon march\u00e9 pour mariages et r\u00e9ceptions Aix en Provence,\u00a0<\/em><em>Location meubles discount Provence,\u00a0<\/em><i>Location mobilier, vaisselle et mat\u00e9riel \u00e9v\u00e9nementiel Marseille, Pertuis, Luberon, Alpilles, Var, Vaucluse, Bouches du Rhone, sud de la France, Bourgogne France Comt\u00e9<\/i><\/p>\n","protected":false},"featured_media":32283,"template":"","meta":[],"product_brand":[],"product_cat":[192],"product_tag":[1632,798,222,300,308,1631,1630,215,309,969],"class_list":{"0":"post-20216","1":"product","2":"type-product","3":"status-publish","4":"has-post-thumbnail","6":"product_cat-tables","7":"product_tag-circle","8":"product_tag-circular","9":"product_tag-diner","10":"product_tag-location-mobilier","11":"product_tag-location-table","12":"product_tag-round","13":"product_tag-snake-table","14":"product_tag-table","15":"product_tag-table-pliante","16":"product_tag-table-serpentine","18":"first","19":"instock","20":"shipping-taxable","21":"product-type-simple"},"_links":{"self":[{"href":"https:\/\/jolibazaar.com\/index.php\/wp-json\/wp\/v2\/product\/20216","targetHints":{"allow":["GET"]}}],"collection":[{"href":"https:\/\/jolibazaar.com\/index.php\/wp-json\/wp\/v2\/product"}],"about":[{"href":"https:\/\/jolibazaar.com\/index.php\/wp-json\/wp\/v2\/types\/product"}],"wp:featuredmedia":[{"embeddable":true,"href":"https:\/\/jolibazaar.com\/index.php\/wp-json\/wp\/v2\/media\/32283"}],"wp:attachment":[{"href":"https:\/\/jolibazaar.com\/index.php\/wp-json\/wp\/v2\/media?parent=20216"}],"wp:term":[{"taxonomy":"product_brand","embeddable":true,"href":"https:\/\/jolibazaar.com\/index.php\/wp-json\/wp\/v2\/product_brand?post=20216"},{"taxonomy":"product_cat","embeddable":true,"href":"https:\/\/jolibazaar.com\/index.php\/wp-json\/wp\/v2\/product_cat?post=20216"},{"taxonomy":"product_tag","embeddable":true,"href":"https:\/\/jolibazaar.com\/index.php\/wp-json\/wp\/v2\/product_tag?post=20216"}],"curies":[{"name":"wp","href":"https:\/\/api.w.org\/{rel}","templated":true}]}}