{"id":25480,"date":"2025-01-06T12:15:18","date_gmt":"2025-01-06T11:15:18","guid":{"rendered":"https:\/\/jolibazaar.com\/?post_type=product&#038;p=25480"},"modified":"2026-02-04T16:26:22","modified_gmt":"2026-02-04T15:26:22","slug":"chaises-pliantes-fer-forge-bridgerton","status":"publish","type":"product","link":"https:\/\/jolibazaar.com\/index.php\/produit\/chaises-pliantes-fer-forge-bridgerton\/","title":{"rendered":"Chaises Pliantes Fer Forg\u00e9 blanc Bridgerton"},"content":{"rendered":"","protected":false},"excerpt":{"rendered":"<p>Chaises Pliantes Fer Forg\u00e9 blanc Bridgerton<\/p>\n<ul class=\"info\">\n<li>Dimensions: 39 x 46 x 92 cm<\/li>\n<li>Option: coussin en tissu blanc<\/li>\n<\/ul>\n<p>&nbsp;<\/p>\n<p>&nbsp;<\/p>\n<p>&nbsp;<\/p>\n<p>&nbsp;<\/p>\n<p>&nbsp;<\/p>\n<p><i>Location chaises blanches pour mariages, location chaises pliantes pour r\u00e9ceptions Aix en Provence,\u00a0<\/i><em>Location meubles Provence,\u00a0<\/em><i>Location mobilier, vaisselle et mat\u00e9riel \u00e9v\u00e9nementiel Marseille, Pertuis, Luberon, Alpilles, Var, Vaucluse, Bouches du Rhone, sud de la France, Bourgogne France Comt\u00e9<\/i><\/p>\n<p>&nbsp;<\/p>\n<p>&nbsp;<\/p>\n<p>&nbsp;<\/p>\n<p>&nbsp;<\/p>\n<p><i>Location bancs en bois\u00a0pour mariages, location chaises en bois pour r\u00e9ceptions Aix en Provence,\u00a0<\/i><em>Location meubles Provence,\u00a0<\/em><i>Location mobilier, vaisselle et mat\u00e9riel \u00e9v\u00e9nementiel Marseille, Pertuis, Luberon, Alpilles, Var, Vaucluse, Bouches du Rhone, sud de la France, Bourgogne France Comt\u00e9<\/i><\/p>\n","protected":false},"featured_media":25743,"template":"","meta":[],"product_brand":[],"product_cat":[190],"product_tag":[218,305,680,758,862,306,277,209,754],"class_list":{"0":"post-25480","1":"product","2":"type-product","3":"status-publish","4":"has-post-thumbnail","6":"product_cat-chaises","7":"product_tag-chaise","8":"product_tag-chaise-blanche","9":"product_tag-chaise-cocktail","10":"product_tag-chaise-pliante","11":"product_tag-coussin","12":"product_tag-location-chaise","13":"product_tag-mobilier","14":"product_tag-rustique","15":"product_tag-white-chair","17":"first","18":"instock","19":"shipping-taxable","20":"product-type-simple"},"_links":{"self":[{"href":"https:\/\/jolibazaar.com\/index.php\/wp-json\/wp\/v2\/product\/25480","targetHints":{"allow":["GET"]}}],"collection":[{"href":"https:\/\/jolibazaar.com\/index.php\/wp-json\/wp\/v2\/product"}],"about":[{"href":"https:\/\/jolibazaar.com\/index.php\/wp-json\/wp\/v2\/types\/product"}],"wp:featuredmedia":[{"embeddable":true,"href":"https:\/\/jolibazaar.com\/index.php\/wp-json\/wp\/v2\/media\/25743"}],"wp:attachment":[{"href":"https:\/\/jolibazaar.com\/index.php\/wp-json\/wp\/v2\/media?parent=25480"}],"wp:term":[{"taxonomy":"product_brand","embeddable":true,"href":"https:\/\/jolibazaar.com\/index.php\/wp-json\/wp\/v2\/product_brand?post=25480"},{"taxonomy":"product_cat","embeddable":true,"href":"https:\/\/jolibazaar.com\/index.php\/wp-json\/wp\/v2\/product_cat?post=25480"},{"taxonomy":"product_tag","embeddable":true,"href":"https:\/\/jolibazaar.com\/index.php\/wp-json\/wp\/v2\/product_tag?post=25480"}],"curies":[{"name":"wp","href":"https:\/\/api.w.org\/{rel}","templated":true}]}}