{"id":27388,"date":"2025-01-13T13:54:23","date_gmt":"2025-01-13T12:54:23","guid":{"rendered":"https:\/\/jolibazaar.com\/?post_type=product&#038;p=27388"},"modified":"2025-03-24T10:29:20","modified_gmt":"2025-03-24T09:29:20","slug":"bar-boston-en-bois-blanc-avec-moulures","status":"publish","type":"product","link":"https:\/\/jolibazaar.com\/index.php\/produit\/bar-boston-en-bois-blanc-avec-moulures\/","title":{"rendered":"Bar BOSTON bois blanc avec moulures"},"content":{"rendered":"","protected":false},"excerpt":{"rendered":"<p>Bar a moulures en bois blanc<\/p>\n<p>H90 x L165 x PR65<\/p>\n<p>&nbsp;<\/p>\n<p>White foldable bar<\/p>\n<p>&nbsp;<\/p>\n<p><i>Location bar, buffet, mobilier cocktail mariage, tables en bois,\u00a0location tables,\u00a0location tables banquets, location tables et chaises pour mariages et r\u00e9ceptions Aix en Provence,\u00a0<\/i><em>Location meubles Provence,\u00a0<\/em><i>Location mobilier, vaisselle et mat\u00e9riel \u00e9v\u00e9nementiel Marseille, Pertuis, Luberon, Alpilles, Var, Vaucluse, Bouches du Rhone, sud de la France, Bourgogne France Comt\u00e9<\/i><\/p>\n","protected":false},"featured_media":33057,"template":"","meta":[],"product_brand":[],"product_cat":[534,187],"product_tag":[423,307,980,201,197,300,528,277,170],"class_list":{"0":"post-27388","1":"product","2":"type-product","3":"status-publish","4":"has-post-thumbnail","6":"product_cat-bars-buffets","7":"product_cat-cocktail","8":"product_tag-bar","9":"product_tag-blanc","10":"product_tag-boston","11":"product_tag-cocktail","12":"product_tag-location-deco","13":"product_tag-location-mobilier","14":"product_tag-meuble","15":"product_tag-mobilier","16":"product_tag-vintage","18":"first","19":"instock","20":"shipping-taxable","21":"product-type-simple"},"_links":{"self":[{"href":"https:\/\/jolibazaar.com\/index.php\/wp-json\/wp\/v2\/product\/27388","targetHints":{"allow":["GET"]}}],"collection":[{"href":"https:\/\/jolibazaar.com\/index.php\/wp-json\/wp\/v2\/product"}],"about":[{"href":"https:\/\/jolibazaar.com\/index.php\/wp-json\/wp\/v2\/types\/product"}],"wp:featuredmedia":[{"embeddable":true,"href":"https:\/\/jolibazaar.com\/index.php\/wp-json\/wp\/v2\/media\/33057"}],"wp:attachment":[{"href":"https:\/\/jolibazaar.com\/index.php\/wp-json\/wp\/v2\/media?parent=27388"}],"wp:term":[{"taxonomy":"product_brand","embeddable":true,"href":"https:\/\/jolibazaar.com\/index.php\/wp-json\/wp\/v2\/product_brand?post=27388"},{"taxonomy":"product_cat","embeddable":true,"href":"https:\/\/jolibazaar.com\/index.php\/wp-json\/wp\/v2\/product_cat?post=27388"},{"taxonomy":"product_tag","embeddable":true,"href":"https:\/\/jolibazaar.com\/index.php\/wp-json\/wp\/v2\/product_tag?post=27388"}],"curies":[{"name":"wp","href":"https:\/\/api.w.org\/{rel}","templated":true}]}}