{"id":32622,"date":"2025-01-28T11:50:47","date_gmt":"2025-01-28T10:50:47","guid":{"rendered":"https:\/\/jolibazaar.com\/?post_type=product&#038;p=32622"},"modified":"2025-09-26T12:40:25","modified_gmt":"2025-09-26T10:40:25","slug":"galette-chaise-bridgerton","status":"publish","type":"product","link":"https:\/\/jolibazaar.com\/index.php\/produit\/galette-chaise-bridgerton\/","title":{"rendered":"Galette pour Chaise pliante Fer forg\u00e9 blanc Bridgerton"},"content":{"rendered":"<p>Galette chaise pliante fer forg\u00e9 blanc Bridgerton<\/p>\n","protected":false},"excerpt":{"rendered":"<p>Galette chaise pliante fer forg\u00e9 blanc Bridgerton<\/p>\n<p>&nbsp;<\/p>\n<p>&nbsp;<\/p>\n<p>&nbsp;<\/p>\n<p><i>Location chaises blanches pour mariages, location chaises pliantes pour r\u00e9ceptions Aix en Provence,\u00a0<\/i><em>Location meubles Provence,\u00a0<\/em><i>Location mobilier, vaisselle et mat\u00e9riel \u00e9v\u00e9nementiel Marseille, Pertuis, Luberon, Alpilles, Var, Vaucluse, Bouches du Rhone, sud de la France, Bourgogne France Comt\u00e9<\/i><\/p>\n<p>&nbsp;<\/p>\n<p>&nbsp;<\/p>\n<p>&nbsp;<\/p>\n<p>&nbsp;<\/p>\n<p><i>Location bancs en bois\u00a0pour mariages, location chaises en bois pour r\u00e9ceptions Aix en Provence,\u00a0<\/i><em>Location meubles Provence,\u00a0<\/em><i>Location mobilier, vaisselle et mat\u00e9riel \u00e9v\u00e9nementiel Marseille, Pertuis, Luberon, Alpilles, Var, Vaucluse, Bouches du Rhone, sud de la France, Bourgogne France Comt\u00e9<\/i><\/p>\n","protected":false},"featured_media":33584,"template":"","meta":[],"product_brand":[],"product_cat":[190],"product_tag":[276,218,305,680,681,758,210,862,757,923,682,306,277,209,754],"class_list":{"0":"post-32622","1":"product","2":"type-product","3":"status-publish","4":"has-post-thumbnail","6":"product_cat-chaises","7":"product_tag-boheme","8":"product_tag-chaise","9":"product_tag-chaise-blanche","10":"product_tag-chaise-cocktail","11":"product_tag-chaise-de-jardin","12":"product_tag-chaise-pliante","13":"product_tag-champetre","14":"product_tag-coussin","15":"product_tag-foldable-chair","16":"product_tag-galette","17":"product_tag-garden-chair","18":"product_tag-location-chaise","19":"product_tag-mobilier","20":"product_tag-rustique","21":"product_tag-white-chair","23":"first","24":"instock","25":"shipping-taxable","26":"product-type-simple"},"_links":{"self":[{"href":"https:\/\/jolibazaar.com\/index.php\/wp-json\/wp\/v2\/product\/32622","targetHints":{"allow":["GET"]}}],"collection":[{"href":"https:\/\/jolibazaar.com\/index.php\/wp-json\/wp\/v2\/product"}],"about":[{"href":"https:\/\/jolibazaar.com\/index.php\/wp-json\/wp\/v2\/types\/product"}],"wp:featuredmedia":[{"embeddable":true,"href":"https:\/\/jolibazaar.com\/index.php\/wp-json\/wp\/v2\/media\/33584"}],"wp:attachment":[{"href":"https:\/\/jolibazaar.com\/index.php\/wp-json\/wp\/v2\/media?parent=32622"}],"wp:term":[{"taxonomy":"product_brand","embeddable":true,"href":"https:\/\/jolibazaar.com\/index.php\/wp-json\/wp\/v2\/product_brand?post=32622"},{"taxonomy":"product_cat","embeddable":true,"href":"https:\/\/jolibazaar.com\/index.php\/wp-json\/wp\/v2\/product_cat?post=32622"},{"taxonomy":"product_tag","embeddable":true,"href":"https:\/\/jolibazaar.com\/index.php\/wp-json\/wp\/v2\/product_tag?post=32622"}],"curies":[{"name":"wp","href":"https:\/\/api.w.org\/{rel}","templated":true}]}}